{"id":867,"date":"2023-05-18T00:25:55","date_gmt":"2023-05-17T21:25:55","guid":{"rendered":"https:\/\/aivina.lt\/?post_type=product&#038;p=867"},"modified":"2025-06-22T15:38:36","modified_gmt":"2025-06-22T12:38:36","slug":"kremas-granatu-ekstraktas-250ml","status":"publish","type":"product","link":"https:\/\/aivina.lt\/?product=kremas-granatu-ekstraktas-250ml","title":{"rendered":"Naturix k\u016bno kremas &#8222;Granat\u0173 Ekstraktas&#8221;- 250ml"},"content":{"rendered":"<p>Granat\u0173 vaisi\u0173 ekstraktas rank\u0173, veido ir k\u016bno prie\u017ei\u016bros kremas. Suteikia j\u016bs\u0173 odai sveik\u0105 ir skais\u010di\u0105 i\u0161vaizd\u0105. Granatas yra labai galingas antioksidantas. Kremas taip pat turi odos mink\u0161tinimo ir stangrinimo savybes, dr\u0117kina ir apsaugo j\u0105 nuo infekcij\u0173, toki\u0173 kaip spuogai ir akn\u0117.<\/p>\n","protected":false},"excerpt":{"rendered":"<p>Galima naudoti vis\u0173 tip\u0173 odai<\/p>\n<p>Ne riebi strukt\u016bra, greitai susigeria \u012f od\u0105<\/p>\n<p>Be paraben\u0173<\/p>\n","protected":false},"featured_media":868,"comment_status":"open","ping_status":"closed","template":"","meta":{"ocean_post_layout":"","ocean_both_sidebars_style":"","ocean_both_sidebars_content_width":0,"ocean_both_sidebars_sidebars_width":0,"ocean_sidebar":"0","ocean_second_sidebar":"0","ocean_disable_margins":"enable","ocean_add_body_class":"","ocean_shortcode_before_top_bar":"","ocean_shortcode_after_top_bar":"","ocean_shortcode_before_header":"","ocean_shortcode_after_header":"","ocean_has_shortcode":"","ocean_shortcode_after_title":"","ocean_shortcode_before_footer_widgets":"","ocean_shortcode_after_footer_widgets":"","ocean_shortcode_before_footer_bottom":"","ocean_shortcode_after_footer_bottom":"","ocean_display_top_bar":"default","ocean_display_header":"default","ocean_header_style":"","ocean_center_header_left_menu":"0","ocean_custom_header_template":"0","ocean_custom_logo":0,"ocean_custom_retina_logo":0,"ocean_custom_logo_max_width":0,"ocean_custom_logo_tablet_max_width":0,"ocean_custom_logo_mobile_max_width":0,"ocean_custom_logo_max_height":0,"ocean_custom_logo_tablet_max_height":0,"ocean_custom_logo_mobile_max_height":0,"ocean_header_custom_menu":"0","ocean_menu_typo_font_family":"0","ocean_menu_typo_font_subset":"","ocean_menu_typo_font_size":0,"ocean_menu_typo_font_size_tablet":0,"ocean_menu_typo_font_size_mobile":0,"ocean_menu_typo_font_size_unit":"px","ocean_menu_typo_font_weight":"","ocean_menu_typo_font_weight_tablet":"","ocean_menu_typo_font_weight_mobile":"","ocean_menu_typo_transform":"","ocean_menu_typo_transform_tablet":"","ocean_menu_typo_transform_mobile":"","ocean_menu_typo_line_height":0,"ocean_menu_typo_line_height_tablet":0,"ocean_menu_typo_line_height_mobile":0,"ocean_menu_typo_line_height_unit":"","ocean_menu_typo_spacing":0,"ocean_menu_typo_spacing_tablet":0,"ocean_menu_typo_spacing_mobile":0,"ocean_menu_typo_spacing_unit":"","ocean_menu_link_color":"","ocean_menu_link_color_hover":"","ocean_menu_link_color_active":"","ocean_menu_link_background":"","ocean_menu_link_hover_background":"","ocean_menu_link_active_background":"","ocean_menu_social_links_bg":"","ocean_menu_social_hover_links_bg":"","ocean_menu_social_links_color":"","ocean_menu_social_hover_links_color":"","ocean_disable_title":"default","ocean_disable_heading":"default","ocean_post_title":"","ocean_post_subheading":"","ocean_post_title_style":"","ocean_post_title_background_color":"","ocean_post_title_background":0,"ocean_post_title_bg_image_position":"","ocean_post_title_bg_image_attachment":"","ocean_post_title_bg_image_repeat":"","ocean_post_title_bg_image_size":"","ocean_post_title_height":0,"ocean_post_title_bg_overlay":0.5,"ocean_post_title_bg_overlay_color":"","ocean_disable_breadcrumbs":"default","ocean_breadcrumbs_color":"","ocean_breadcrumbs_separator_color":"","ocean_breadcrumbs_links_color":"","ocean_breadcrumbs_links_hover_color":"","ocean_display_footer_widgets":"default","ocean_display_footer_bottom":"default","ocean_custom_footer_template":"0"},"product_brand":[],"product_cat":[23,21,24,22],"product_tag":[109,142,140,143,108,110],"class_list":{"0":"post-867","1":"product","2":"type-product","3":"status-publish","4":"has-post-thumbnail","6":"product_cat-kuno","7":"product_cat-odai","8":"product_cat-ranku","9":"product_cat-veido","10":"product_tag-ilgaz","11":"product_tag-kremas","12":"product_tag-kunui","13":"product_tag-maitina","14":"product_tag-naturix","15":"product_tag-turkija","17":"entry","18":"has-media","20":"first","21":"outofstock","22":"sale","23":"shipping-taxable","24":"purchasable","25":"product-type-simple","26":"has-product-nav","27":"col","28":"span_1_of_3","29":"owp-content-center","30":"owp-thumbs-layout-horizontal","31":"owp-btn-normal","32":"owp-tabs-layout-horizontal","33":"has-no-thumbnails"},"_links":{"self":[{"href":"https:\/\/aivina.lt\/index.php?rest_route=\/wp\/v2\/product\/867","targetHints":{"allow":["GET"]}}],"collection":[{"href":"https:\/\/aivina.lt\/index.php?rest_route=\/wp\/v2\/product"}],"about":[{"href":"https:\/\/aivina.lt\/index.php?rest_route=\/wp\/v2\/types\/product"}],"replies":[{"embeddable":true,"href":"https:\/\/aivina.lt\/index.php?rest_route=%2Fwp%2Fv2%2Fcomments&post=867"}],"wp:featuredmedia":[{"embeddable":true,"href":"https:\/\/aivina.lt\/index.php?rest_route=\/wp\/v2\/media\/868"}],"wp:attachment":[{"href":"https:\/\/aivina.lt\/index.php?rest_route=%2Fwp%2Fv2%2Fmedia&parent=867"}],"wp:term":[{"taxonomy":"product_brand","embeddable":true,"href":"https:\/\/aivina.lt\/index.php?rest_route=%2Fwp%2Fv2%2Fproduct_brand&post=867"},{"taxonomy":"product_cat","embeddable":true,"href":"https:\/\/aivina.lt\/index.php?rest_route=%2Fwp%2Fv2%2Fproduct_cat&post=867"},{"taxonomy":"product_tag","embeddable":true,"href":"https:\/\/aivina.lt\/index.php?rest_route=%2Fwp%2Fv2%2Fproduct_tag&post=867"}],"curies":[{"name":"wp","href":"https:\/\/api.w.org\/{rel}","templated":true}]}}