{"id":1824,"date":"2025-08-10T23:40:16","date_gmt":"2025-08-10T20:40:16","guid":{"rendered":"https:\/\/aivina.lt\/?post_type=product&#038;p=1824"},"modified":"2026-04-15T23:48:01","modified_gmt":"2026-04-15T20:48:01","slug":"naturix-sampunas-plaukams-su-naturaliu-juodojo-cesnako-ekstraktu-600-ml","status":"publish","type":"product","link":"https:\/\/aivina.lt\/?product=naturix-sampunas-plaukams-su-naturaliu-juodojo-cesnako-ekstraktu-600-ml","title":{"rendered":"NATURIX \u0161amp\u016bnas plaukams su nat\u016braliu juodojo \u010desnako ekstraktu 600 ml"},"content":{"rendered":"<p>Specialiai sukurtas vis\u0173 tip\u0173 plaukams, NATURIX plauk\u0173 prie\u017ei\u016bros \u0161amp\u016bnas padeda sustiprinti plaukus ir suteikti jiems pagrindin\u0119 prie\u017ei\u016br\u0105, reikaling\u0105 specialaus ekstrakto d\u0117ka. Juodasis \u010desnakas pastaraisiais metais tapo produktu, kuris atkreipia viso pasaulio d\u0117mes\u012f. Jis neturi erzinan\u010dio \u010desnako kvapo ir maitina plaukus nuo \u0161akn\u0173 iki pat galiuk\u0173 bei neleid\u017eia plaukams i\u0161slinkti. Maitina plaukus ir daro juos gra\u017eiai. D\u0117ka formul\u0117s su \u017eoleli\u0173 serumo papildymu maitina plaukus ir stabdo plauk\u0173 slinkim\u0105. Reguliuoja plauk\u0173 balans\u0105, skatina plauk\u0173 restrukt\u016brizavim\u0105. Suteikia blizgesio. Padeda plaukams atgauti gyvybingum\u0105.<\/p>\n<p>Naudojimas:\u00a0I\u0161siplauti su \u0161amp\u016bn\u0173, o tada galima naudoti kauke ar plauk\u0173 kondicionieri\u0173<\/p>\n","protected":false},"excerpt":{"rendered":"<p>Specialiai vis\u0173 tip\u0173 plaukams paruo\u0161tas NATURIX plauk\u0173 prie\u017ei\u016bros \u0161amp\u016bnas padeda sustiprinti plaukus ir suteikti jiems pagrindin\u0119 prie\u017ei\u016br\u0105, kurio jiems reikia, d\u0117ka ypatingo ekstrakto.<\/p>\n<p>BE paraben\u0173<\/p>\n<p>BE drusk\u0173<\/p>\n<p>BE fosfat\u0173<\/p>\n","protected":false},"featured_media":1831,"comment_status":"open","ping_status":"closed","template":"","meta":{"ocean_post_layout":"","ocean_both_sidebars_style":"","ocean_both_sidebars_content_width":0,"ocean_both_sidebars_sidebars_width":0,"ocean_sidebar":"0","ocean_second_sidebar":"0","ocean_disable_margins":"enable","ocean_add_body_class":"","ocean_shortcode_before_top_bar":"","ocean_shortcode_after_top_bar":"","ocean_shortcode_before_header":"","ocean_shortcode_after_header":"","ocean_has_shortcode":"","ocean_shortcode_after_title":"","ocean_shortcode_before_footer_widgets":"","ocean_shortcode_after_footer_widgets":"","ocean_shortcode_before_footer_bottom":"","ocean_shortcode_after_footer_bottom":"","ocean_display_top_bar":"default","ocean_display_header":"default","ocean_header_style":"","ocean_center_header_left_menu":"0","ocean_custom_header_template":"0","ocean_custom_logo":0,"ocean_custom_retina_logo":0,"ocean_custom_logo_max_width":0,"ocean_custom_logo_tablet_max_width":0,"ocean_custom_logo_mobile_max_width":0,"ocean_custom_logo_max_height":0,"ocean_custom_logo_tablet_max_height":0,"ocean_custom_logo_mobile_max_height":0,"ocean_header_custom_menu":"0","ocean_menu_typo_font_family":"0","ocean_menu_typo_font_subset":"","ocean_menu_typo_font_size":0,"ocean_menu_typo_font_size_tablet":0,"ocean_menu_typo_font_size_mobile":0,"ocean_menu_typo_font_size_unit":"px","ocean_menu_typo_font_weight":"","ocean_menu_typo_font_weight_tablet":"","ocean_menu_typo_font_weight_mobile":"","ocean_menu_typo_transform":"","ocean_menu_typo_transform_tablet":"","ocean_menu_typo_transform_mobile":"","ocean_menu_typo_line_height":0,"ocean_menu_typo_line_height_tablet":0,"ocean_menu_typo_line_height_mobile":0,"ocean_menu_typo_line_height_unit":"","ocean_menu_typo_spacing":0,"ocean_menu_typo_spacing_tablet":0,"ocean_menu_typo_spacing_mobile":0,"ocean_menu_typo_spacing_unit":"","ocean_menu_link_color":"","ocean_menu_link_color_hover":"","ocean_menu_link_color_active":"","ocean_menu_link_background":"","ocean_menu_link_hover_background":"","ocean_menu_link_active_background":"","ocean_menu_social_links_bg":"","ocean_menu_social_hover_links_bg":"","ocean_menu_social_links_color":"","ocean_menu_social_hover_links_color":"","ocean_disable_title":"default","ocean_disable_heading":"default","ocean_post_title":"","ocean_post_subheading":"","ocean_post_title_style":"","ocean_post_title_background_color":"","ocean_post_title_background":0,"ocean_post_title_bg_image_position":"","ocean_post_title_bg_image_attachment":"","ocean_post_title_bg_image_repeat":"","ocean_post_title_bg_image_size":"","ocean_post_title_height":0,"ocean_post_title_bg_overlay":0.5,"ocean_post_title_bg_overlay_color":"","ocean_disable_breadcrumbs":"default","ocean_breadcrumbs_color":"","ocean_breadcrumbs_separator_color":"","ocean_breadcrumbs_links_color":"","ocean_breadcrumbs_links_hover_color":"","ocean_display_footer_widgets":"default","ocean_display_footer_bottom":"default","ocean_custom_footer_template":"0"},"product_brand":[],"product_cat":[17,19],"product_tag":[199,108,138],"class_list":{"0":"post-1824","1":"product","2":"type-product","3":"status-publish","4":"has-post-thumbnail","6":"product_cat-plaukams","7":"product_cat-sampunai","8":"product_tag-grazus-plaukai","9":"product_tag-naturix","10":"product_tag-plaukams","12":"entry","13":"has-media","15":"first","16":"instock","17":"shipping-taxable","18":"purchasable","19":"product-type-simple","20":"has-product-nav","21":"col","22":"span_1_of_3","23":"owp-content-center","24":"owp-thumbs-layout-horizontal","25":"owp-btn-normal","26":"owp-tabs-layout-horizontal","27":"has-no-thumbnails"},"_links":{"self":[{"href":"https:\/\/aivina.lt\/index.php?rest_route=\/wp\/v2\/product\/1824","targetHints":{"allow":["GET"]}}],"collection":[{"href":"https:\/\/aivina.lt\/index.php?rest_route=\/wp\/v2\/product"}],"about":[{"href":"https:\/\/aivina.lt\/index.php?rest_route=\/wp\/v2\/types\/product"}],"replies":[{"embeddable":true,"href":"https:\/\/aivina.lt\/index.php?rest_route=%2Fwp%2Fv2%2Fcomments&post=1824"}],"wp:featuredmedia":[{"embeddable":true,"href":"https:\/\/aivina.lt\/index.php?rest_route=\/wp\/v2\/media\/1831"}],"wp:attachment":[{"href":"https:\/\/aivina.lt\/index.php?rest_route=%2Fwp%2Fv2%2Fmedia&parent=1824"}],"wp:term":[{"taxonomy":"product_brand","embeddable":true,"href":"https:\/\/aivina.lt\/index.php?rest_route=%2Fwp%2Fv2%2Fproduct_brand&post=1824"},{"taxonomy":"product_cat","embeddable":true,"href":"https:\/\/aivina.lt\/index.php?rest_route=%2Fwp%2Fv2%2Fproduct_cat&post=1824"},{"taxonomy":"product_tag","embeddable":true,"href":"https:\/\/aivina.lt\/index.php?rest_route=%2Fwp%2Fv2%2Fproduct_tag&post=1824"}],"curies":[{"name":"wp","href":"https:\/\/api.w.org\/{rel}","templated":true}]}}