{"id":1778,"date":"2025-02-07T22:44:32","date_gmt":"2025-02-07T20:44:32","guid":{"rendered":"https:\/\/aivina.lt\/?post_type=product&#038;p=1778"},"modified":"2025-08-13T09:55:22","modified_gmt":"2025-08-13T06:55:22","slug":"chogan-aurodhea-plauku-kauke-su-argano-aliejumi-500-ml","status":"publish","type":"product","link":"https:\/\/aivina.lt\/?product=chogan-aurodhea-plauku-kauke-su-argano-aliejumi-500-ml","title":{"rendered":"Chogan Aurodhea plauk\u0173 kauk\u0117 su argano aliejumi- 500 ml"},"content":{"rendered":"<div>Aurodhea plauk\u0173 kauk\u0117 su argano aliejumi, keratinu ir \u0161ilko baltymais yra tikra intensyvi priemon\u0117 l\u016b\u017ein\u0117jantiems, da\u017eytiems plaukams, linkusiems skilin\u0117ti. Tinka sausiems ir slenkantiems plaukams.<\/div>\n<div><\/div>\n<div>Kauk\u0117 restrukt\u016brizuoja, saugo ir atkuria plauk\u0173 pluo\u0161t\u0105 d\u0117l savo gaivinan\u010dio ir maitinan\u010dio poveikio ir apsaugo j\u012f nuo i\u0161orini\u0173 veiksni\u0173. \u0160ilko baltymai suteikia plaukams \u0161velnumo.<\/div>\n<div><\/div>\n<div>Naudojimas :<\/div>\n<div>U\u017etepkite kauk\u0119 ant dr\u0117gn\u0173 plauk\u0173 per vis\u0105 j\u0173 ilg\u012f. Palaukite 5-10 minutes ir kruop\u0161\u010diai nuskalaukite.<\/div>\n<div><\/div>\n<div>Sud\u0117tis :<\/div>\n<div>Aqua, cetearyl alcohol, amodimethicone, behentrimonium chloride, cetrimonium chloride, glycerin, dimethicone, isopropyl myristate,argania spinosa kernel oil, hydrolyzed keratin, hydrolyzed silk, olus oil, helianthus annuus seed oil, tocopherol, tetrasodiumglutamate diacetate, phenoxyethanol, benzoic acid, dehydroacetic acid, citric acid, parfum.<\/div>\n<div><\/div>\n<div><\/div>\n","protected":false},"excerpt":{"rendered":"<div>Talpa 500 ml<\/div>\n<div>Italija<\/div>\n","protected":false},"featured_media":1779,"comment_status":"open","ping_status":"closed","template":"","meta":{"ocean_post_layout":"","ocean_both_sidebars_style":"","ocean_both_sidebars_content_width":0,"ocean_both_sidebars_sidebars_width":0,"ocean_sidebar":"0","ocean_second_sidebar":"0","ocean_disable_margins":"enable","ocean_add_body_class":"","ocean_shortcode_before_top_bar":"","ocean_shortcode_after_top_bar":"","ocean_shortcode_before_header":"","ocean_shortcode_after_header":"","ocean_has_shortcode":"","ocean_shortcode_after_title":"","ocean_shortcode_before_footer_widgets":"","ocean_shortcode_after_footer_widgets":"","ocean_shortcode_before_footer_bottom":"","ocean_shortcode_after_footer_bottom":"","ocean_display_top_bar":"default","ocean_display_header":"default","ocean_header_style":"","ocean_center_header_left_menu":"0","ocean_custom_header_template":"0","ocean_custom_logo":0,"ocean_custom_retina_logo":0,"ocean_custom_logo_max_width":0,"ocean_custom_logo_tablet_max_width":0,"ocean_custom_logo_mobile_max_width":0,"ocean_custom_logo_max_height":0,"ocean_custom_logo_tablet_max_height":0,"ocean_custom_logo_mobile_max_height":0,"ocean_header_custom_menu":"0","ocean_menu_typo_font_family":"0","ocean_menu_typo_font_subset":"","ocean_menu_typo_font_size":0,"ocean_menu_typo_font_size_tablet":0,"ocean_menu_typo_font_size_mobile":0,"ocean_menu_typo_font_size_unit":"px","ocean_menu_typo_font_weight":"","ocean_menu_typo_font_weight_tablet":"","ocean_menu_typo_font_weight_mobile":"","ocean_menu_typo_transform":"","ocean_menu_typo_transform_tablet":"","ocean_menu_typo_transform_mobile":"","ocean_menu_typo_line_height":0,"ocean_menu_typo_line_height_tablet":0,"ocean_menu_typo_line_height_mobile":0,"ocean_menu_typo_line_height_unit":"","ocean_menu_typo_spacing":0,"ocean_menu_typo_spacing_tablet":0,"ocean_menu_typo_spacing_mobile":0,"ocean_menu_typo_spacing_unit":"","ocean_menu_link_color":"","ocean_menu_link_color_hover":"","ocean_menu_link_color_active":"","ocean_menu_link_background":"","ocean_menu_link_hover_background":"","ocean_menu_link_active_background":"","ocean_menu_social_links_bg":"","ocean_menu_social_hover_links_bg":"","ocean_menu_social_links_color":"","ocean_menu_social_hover_links_color":"","ocean_disable_title":"default","ocean_disable_heading":"default","ocean_post_title":"","ocean_post_subheading":"","ocean_post_title_style":"","ocean_post_title_background_color":"","ocean_post_title_background":0,"ocean_post_title_bg_image_position":"","ocean_post_title_bg_image_attachment":"","ocean_post_title_bg_image_repeat":"","ocean_post_title_bg_image_size":"","ocean_post_title_height":0,"ocean_post_title_bg_overlay":0.5,"ocean_post_title_bg_overlay_color":"","ocean_disable_breadcrumbs":"default","ocean_breadcrumbs_color":"","ocean_breadcrumbs_separator_color":"","ocean_breadcrumbs_links_color":"","ocean_breadcrumbs_links_hover_color":"","ocean_display_footer_widgets":"default","ocean_display_footer_bottom":"default","ocean_custom_footer_template":"0"},"product_brand":[],"product_cat":[18,17],"product_tag":[219,223,335,146],"class_list":{"0":"post-1778","1":"product","2":"type-product","3":"status-publish","4":"has-post-thumbnail","6":"product_cat-balzamai","7":"product_cat-plaukams","8":"product_tag-argan-oil","9":"product_tag-kauke","10":"product_tag-mask","11":"product_tag-plaukai","13":"entry","14":"has-media","16":"first","17":"outofstock","18":"shipping-taxable","19":"purchasable","20":"product-type-simple","21":"has-product-nav","22":"col","23":"span_1_of_3","24":"owp-content-center","25":"owp-thumbs-layout-horizontal","26":"owp-btn-normal","27":"owp-tabs-layout-horizontal","28":"has-no-thumbnails"},"_links":{"self":[{"href":"https:\/\/aivina.lt\/index.php?rest_route=\/wp\/v2\/product\/1778","targetHints":{"allow":["GET"]}}],"collection":[{"href":"https:\/\/aivina.lt\/index.php?rest_route=\/wp\/v2\/product"}],"about":[{"href":"https:\/\/aivina.lt\/index.php?rest_route=\/wp\/v2\/types\/product"}],"replies":[{"embeddable":true,"href":"https:\/\/aivina.lt\/index.php?rest_route=%2Fwp%2Fv2%2Fcomments&post=1778"}],"wp:featuredmedia":[{"embeddable":true,"href":"https:\/\/aivina.lt\/index.php?rest_route=\/wp\/v2\/media\/1779"}],"wp:attachment":[{"href":"https:\/\/aivina.lt\/index.php?rest_route=%2Fwp%2Fv2%2Fmedia&parent=1778"}],"wp:term":[{"taxonomy":"product_brand","embeddable":true,"href":"https:\/\/aivina.lt\/index.php?rest_route=%2Fwp%2Fv2%2Fproduct_brand&post=1778"},{"taxonomy":"product_cat","embeddable":true,"href":"https:\/\/aivina.lt\/index.php?rest_route=%2Fwp%2Fv2%2Fproduct_cat&post=1778"},{"taxonomy":"product_tag","embeddable":true,"href":"https:\/\/aivina.lt\/index.php?rest_route=%2Fwp%2Fv2%2Fproduct_tag&post=1778"}],"curies":[{"name":"wp","href":"https:\/\/api.w.org\/{rel}","templated":true}]}}