{"id":1713,"date":"2024-06-07T20:12:54","date_gmt":"2024-06-07T20:12:54","guid":{"rendered":"https:\/\/aivina.lt\/?post_type=product&#038;p=1713"},"modified":"2025-10-11T12:05:03","modified_gmt":"2025-10-11T09:05:03","slug":"chogan-fugaclean-plyteliu-siuliu-valiklis","status":"publish","type":"product","link":"https:\/\/aivina.lt\/?product=chogan-fugaclean-plyteliu-siuliu-valiklis","title":{"rendered":"Chogan Brilgrout plyteli\u0173 si\u016bli\u0173 valiklis- 750 ml"},"content":{"rendered":"<div>Chogan\u00a0Brilgrout\u00a0 koncentruotas valiklis skirtas\u00a0 plyteli\u0173\u00a0 si\u016bli\u0173 ir tarp\u0173 valymui.<\/div>\n<div><\/div>\n<div>Brilgrout\u00a0\u00a0skirtas keramikai, plytel\u0117ms, porcelianin\u0117ms keramikos dirbiniams, klinkeriui, terakotai ir visoms r\u016bg\u0161tims atsparioms grindims ir sienoms.\u00a0Brilgrout ne tik palaiko sujungimus ir tarpus \u0161varius, bet ir atgaivina j\u0173 pavir\u0161ius, pa\u0161alinant juod\u0117jim\u0105 ir kalki\u0173 liku\u010dius, kurie link\u0119 susidaryti laikui b\u0117gant ir kuri\u0173 negali pa\u0161alinti \u012fprasti plovikliai.<\/div>\n<div><\/div>\n<div>\n<p>Taip pat puikiai tinka valyti balkon\u0173 grindis, nes jas labiau veikia lietus, dr\u0117gm\u0117 ir smogas, d\u0117l kuri\u0173 susidaro nema\u017eas pajuodusi\u0173, kalkakmenio ir r\u016bd\u017ei\u0173 d\u0117mi\u0173.<\/p>\n<p>Naudojimas :<br \/>\nProduktas gali b\u016bti\u00a0 santykiu 1:5\u00a0 (1 dalis valiklio , 5 dalys vandens ). Nor\u0117dami pagreitinti valom\u0105 pavir\u0161iaus valym\u0105, naudokite neskiest\u0105 valikl\u012f.<br \/>\nU\u017epurk\u0161kite, palaukite\u00a0 kelet\u0105 minu\u010di\u0173, gerai nuplaukite vandeniu.<\/p>\n<\/div>\n","protected":false},"excerpt":{"rendered":"<p>Talpa 750 ml<br \/>\nItalija<\/p>\n<p><span style=\"font-size: 10pt;\">Visada galite pirkti savaranki\u0161kai ir sutaupyti<\/span><\/p>\n<p><span style=\"font-size: 10pt;\">https:\/\/www.chogangroupspa.com\/chogangroup\/registration\/1\/KRI48C5AF\/2<\/span><\/p>\n","protected":false},"featured_media":1785,"comment_status":"open","ping_status":"closed","template":"","meta":{"ocean_post_layout":"","ocean_both_sidebars_style":"","ocean_both_sidebars_content_width":0,"ocean_both_sidebars_sidebars_width":0,"ocean_sidebar":"0","ocean_second_sidebar":"0","ocean_disable_margins":"enable","ocean_add_body_class":"","ocean_shortcode_before_top_bar":"","ocean_shortcode_after_top_bar":"","ocean_shortcode_before_header":"","ocean_shortcode_after_header":"","ocean_has_shortcode":"","ocean_shortcode_after_title":"","ocean_shortcode_before_footer_widgets":"","ocean_shortcode_after_footer_widgets":"","ocean_shortcode_before_footer_bottom":"","ocean_shortcode_after_footer_bottom":"","ocean_display_top_bar":"default","ocean_display_header":"default","ocean_header_style":"","ocean_center_header_left_menu":"0","ocean_custom_header_template":"0","ocean_custom_logo":0,"ocean_custom_retina_logo":0,"ocean_custom_logo_max_width":0,"ocean_custom_logo_tablet_max_width":0,"ocean_custom_logo_mobile_max_width":0,"ocean_custom_logo_max_height":0,"ocean_custom_logo_tablet_max_height":0,"ocean_custom_logo_mobile_max_height":0,"ocean_header_custom_menu":"0","ocean_menu_typo_font_family":"0","ocean_menu_typo_font_subset":"","ocean_menu_typo_font_size":0,"ocean_menu_typo_font_size_tablet":0,"ocean_menu_typo_font_size_mobile":0,"ocean_menu_typo_font_size_unit":"px","ocean_menu_typo_font_weight":"","ocean_menu_typo_font_weight_tablet":"","ocean_menu_typo_font_weight_mobile":"","ocean_menu_typo_transform":"","ocean_menu_typo_transform_tablet":"","ocean_menu_typo_transform_mobile":"","ocean_menu_typo_line_height":0,"ocean_menu_typo_line_height_tablet":0,"ocean_menu_typo_line_height_mobile":0,"ocean_menu_typo_line_height_unit":"","ocean_menu_typo_spacing":0,"ocean_menu_typo_spacing_tablet":0,"ocean_menu_typo_spacing_mobile":0,"ocean_menu_typo_spacing_unit":"","ocean_menu_link_color":"","ocean_menu_link_color_hover":"","ocean_menu_link_color_active":"","ocean_menu_link_background":"","ocean_menu_link_hover_background":"","ocean_menu_link_active_background":"","ocean_menu_social_links_bg":"","ocean_menu_social_hover_links_bg":"","ocean_menu_social_links_color":"","ocean_menu_social_hover_links_color":"","ocean_disable_title":"default","ocean_disable_heading":"default","ocean_post_title":"","ocean_post_subheading":"","ocean_post_title_style":"","ocean_post_title_background_color":"","ocean_post_title_background":0,"ocean_post_title_bg_image_position":"","ocean_post_title_bg_image_attachment":"","ocean_post_title_bg_image_repeat":"","ocean_post_title_bg_image_size":"","ocean_post_title_height":0,"ocean_post_title_bg_overlay":0.5,"ocean_post_title_bg_overlay_color":"","ocean_disable_breadcrumbs":"default","ocean_breadcrumbs_color":"","ocean_breadcrumbs_separator_color":"","ocean_breadcrumbs_links_color":"","ocean_breadcrumbs_links_hover_color":"","ocean_display_footer_widgets":"default","ocean_display_footer_bottom":"default","ocean_custom_footer_template":"0"},"product_brand":[],"product_cat":[36,37],"product_tag":[340,341,339,338],"class_list":{"0":"post-1713","1":"product","2":"type-product","3":"status-publish","4":"has-post-thumbnail","6":"product_cat-namams","7":"product_cat-svaros-priemones","8":"product_tag-plyteles","9":"product_tag-prieziura","10":"product_tag-siuliu-valiklis","11":"product_tag-valymas","13":"entry","14":"has-media","16":"first","17":"outofstock","18":"sale","19":"shipping-taxable","20":"purchasable","21":"product-type-simple","22":"has-product-nav","23":"col","24":"span_1_of_3","25":"owp-content-center","26":"owp-thumbs-layout-horizontal","27":"owp-btn-normal","28":"owp-tabs-layout-horizontal","29":"has-no-thumbnails"},"_links":{"self":[{"href":"https:\/\/aivina.lt\/index.php?rest_route=\/wp\/v2\/product\/1713","targetHints":{"allow":["GET"]}}],"collection":[{"href":"https:\/\/aivina.lt\/index.php?rest_route=\/wp\/v2\/product"}],"about":[{"href":"https:\/\/aivina.lt\/index.php?rest_route=\/wp\/v2\/types\/product"}],"replies":[{"embeddable":true,"href":"https:\/\/aivina.lt\/index.php?rest_route=%2Fwp%2Fv2%2Fcomments&post=1713"}],"wp:featuredmedia":[{"embeddable":true,"href":"https:\/\/aivina.lt\/index.php?rest_route=\/wp\/v2\/media\/1785"}],"wp:attachment":[{"href":"https:\/\/aivina.lt\/index.php?rest_route=%2Fwp%2Fv2%2Fmedia&parent=1713"}],"wp:term":[{"taxonomy":"product_brand","embeddable":true,"href":"https:\/\/aivina.lt\/index.php?rest_route=%2Fwp%2Fv2%2Fproduct_brand&post=1713"},{"taxonomy":"product_cat","embeddable":true,"href":"https:\/\/aivina.lt\/index.php?rest_route=%2Fwp%2Fv2%2Fproduct_cat&post=1713"},{"taxonomy":"product_tag","embeddable":true,"href":"https:\/\/aivina.lt\/index.php?rest_route=%2Fwp%2Fv2%2Fproduct_tag&post=1713"}],"curies":[{"name":"wp","href":"https:\/\/api.w.org\/{rel}","templated":true}]}}