{"id":1573,"date":"2024-01-09T22:49:59","date_gmt":"2024-01-09T22:49:59","guid":{"rendered":"https:\/\/aivina.lt\/?post_type=product&#038;p=1573"},"modified":"2025-02-21T00:43:42","modified_gmt":"2025-02-20T22:43:42","slug":"lacinia-plauku-kolageno-serumas-2x-5ml","status":"publish","type":"product","link":"https:\/\/aivina.lt\/?product=lacinia-plauku-kolageno-serumas-2x-5ml","title":{"rendered":"Lacinia plauk\u0173 kolageno serumas 2x 5ml"},"content":{"rendered":"<p><span class=\"Y2IQFc\" lang=\"lt\">Genetinis poveikis, naudojami \u0161amp\u016bnai, chemin\u0117s plauk\u0173 prie\u017ei\u016bros priemon\u0117s ir aplinkos poveikis lemia, kad m\u016bs\u0173 plaukai silpsta ir neauga. Nor\u0117dami to i\u0161vengti ir tur\u0117ti pilnesnius plaukus, kad j\u016bs\u0173 plaukai augt\u0173 grei\u010diau ir sveikesni, plauk\u0173 kolageno serumas, sudarytas i\u0161 augal\u0173 ekstrakt\u0173 ir kolageno, privers j\u016bs\u0173 plaukus grei\u010diau augti ir atrodyti pilnesniais. Plauk\u0173 kolagenas u\u017etikrina, kad j\u016bs\u0173 plaukai auga gyvybingi, sveiki ir greitai. <\/span><\/p>\n<p><span class=\"Y2IQFc\" lang=\"lt\"><strong>Naudojimas:<\/strong> I\u0161plov\u0119 plaukus du\u0161o metu, 1 serumu \u012fmasa\u017euokite plauk\u0173 \u0161aknis ir palikite 5-10 minu\u010di\u0173. Po u\u017etepimo i\u0161skalaukite plaukus nenaudodami \u0161amp\u016bno. \u0160i\u0105 proced\u016br\u0105 galite kartoti kiekvien\u0105 kart\u0105, kai prausit\u0117s du\u0161e.<\/span><\/p>\n","protected":false},"excerpt":{"rendered":"<p>Kilm\u0117s \u0161alis: Turkija<\/p>\n<p>Sud\u0117tis: <span class=\"Y2IQFc\" lang=\"lt\">Lepidium meyenii (Maca) \u0161akn\u0173 ekstraktas, Equisetum arvense (arklio uodegos) ekstraktas (At kuyru\u011fu \u00f6z\u00fc), tirpus kolagenas, natrio hialuronatas<\/span><\/p>\n","protected":false},"featured_media":1574,"comment_status":"open","ping_status":"closed","template":"","meta":{"ocean_post_layout":"","ocean_both_sidebars_style":"","ocean_both_sidebars_content_width":0,"ocean_both_sidebars_sidebars_width":0,"ocean_sidebar":"0","ocean_second_sidebar":"0","ocean_disable_margins":"enable","ocean_add_body_class":"","ocean_shortcode_before_top_bar":"","ocean_shortcode_after_top_bar":"","ocean_shortcode_before_header":"","ocean_shortcode_after_header":"","ocean_has_shortcode":"","ocean_shortcode_after_title":"","ocean_shortcode_before_footer_widgets":"","ocean_shortcode_after_footer_widgets":"","ocean_shortcode_before_footer_bottom":"","ocean_shortcode_after_footer_bottom":"","ocean_display_top_bar":"default","ocean_display_header":"default","ocean_header_style":"","ocean_center_header_left_menu":"0","ocean_custom_header_template":"0","ocean_custom_logo":0,"ocean_custom_retina_logo":0,"ocean_custom_logo_max_width":0,"ocean_custom_logo_tablet_max_width":0,"ocean_custom_logo_mobile_max_width":0,"ocean_custom_logo_max_height":0,"ocean_custom_logo_tablet_max_height":0,"ocean_custom_logo_mobile_max_height":0,"ocean_header_custom_menu":"0","ocean_menu_typo_font_family":"0","ocean_menu_typo_font_subset":"","ocean_menu_typo_font_size":0,"ocean_menu_typo_font_size_tablet":0,"ocean_menu_typo_font_size_mobile":0,"ocean_menu_typo_font_size_unit":"px","ocean_menu_typo_font_weight":"","ocean_menu_typo_font_weight_tablet":"","ocean_menu_typo_font_weight_mobile":"","ocean_menu_typo_transform":"","ocean_menu_typo_transform_tablet":"","ocean_menu_typo_transform_mobile":"","ocean_menu_typo_line_height":0,"ocean_menu_typo_line_height_tablet":0,"ocean_menu_typo_line_height_mobile":0,"ocean_menu_typo_line_height_unit":"","ocean_menu_typo_spacing":0,"ocean_menu_typo_spacing_tablet":0,"ocean_menu_typo_spacing_mobile":0,"ocean_menu_typo_spacing_unit":"","ocean_menu_link_color":"","ocean_menu_link_color_hover":"","ocean_menu_link_color_active":"","ocean_menu_link_background":"","ocean_menu_link_hover_background":"","ocean_menu_link_active_background":"","ocean_menu_social_links_bg":"","ocean_menu_social_hover_links_bg":"","ocean_menu_social_links_color":"","ocean_menu_social_hover_links_color":"","ocean_disable_title":"default","ocean_disable_heading":"default","ocean_post_title":"","ocean_post_subheading":"","ocean_post_title_style":"","ocean_post_title_background_color":"","ocean_post_title_background":0,"ocean_post_title_bg_image_position":"","ocean_post_title_bg_image_attachment":"","ocean_post_title_bg_image_repeat":"","ocean_post_title_bg_image_size":"","ocean_post_title_height":0,"ocean_post_title_bg_overlay":0.5,"ocean_post_title_bg_overlay_color":"","ocean_disable_breadcrumbs":"default","ocean_breadcrumbs_color":"","ocean_breadcrumbs_separator_color":"","ocean_breadcrumbs_links_color":"","ocean_breadcrumbs_links_hover_color":"","ocean_display_footer_widgets":"default","ocean_display_footer_bottom":"default","ocean_custom_footer_template":"0"},"product_brand":[],"product_cat":[20,17,144],"product_tag":[],"class_list":{"0":"post-1573","1":"product","2":"type-product","3":"status-publish","4":"has-post-thumbnail","6":"product_cat-aliejai","7":"product_cat-plaukams","8":"product_cat-serumas","10":"entry","11":"has-media","13":"first","14":"outofstock","15":"shipping-taxable","16":"purchasable","17":"product-type-simple","18":"has-product-nav","19":"col","20":"span_1_of_3","21":"owp-content-center","22":"owp-thumbs-layout-horizontal","23":"owp-btn-normal","24":"owp-tabs-layout-horizontal","25":"has-no-thumbnails"},"_links":{"self":[{"href":"https:\/\/aivina.lt\/index.php?rest_route=\/wp\/v2\/product\/1573","targetHints":{"allow":["GET"]}}],"collection":[{"href":"https:\/\/aivina.lt\/index.php?rest_route=\/wp\/v2\/product"}],"about":[{"href":"https:\/\/aivina.lt\/index.php?rest_route=\/wp\/v2\/types\/product"}],"replies":[{"embeddable":true,"href":"https:\/\/aivina.lt\/index.php?rest_route=%2Fwp%2Fv2%2Fcomments&post=1573"}],"wp:featuredmedia":[{"embeddable":true,"href":"https:\/\/aivina.lt\/index.php?rest_route=\/wp\/v2\/media\/1574"}],"wp:attachment":[{"href":"https:\/\/aivina.lt\/index.php?rest_route=%2Fwp%2Fv2%2Fmedia&parent=1573"}],"wp:term":[{"taxonomy":"product_brand","embeddable":true,"href":"https:\/\/aivina.lt\/index.php?rest_route=%2Fwp%2Fv2%2Fproduct_brand&post=1573"},{"taxonomy":"product_cat","embeddable":true,"href":"https:\/\/aivina.lt\/index.php?rest_route=%2Fwp%2Fv2%2Fproduct_cat&post=1573"},{"taxonomy":"product_tag","embeddable":true,"href":"https:\/\/aivina.lt\/index.php?rest_route=%2Fwp%2Fv2%2Fproduct_tag&post=1573"}],"curies":[{"name":"wp","href":"https:\/\/api.w.org\/{rel}","templated":true}]}}