{"id":1503,"date":"2023-11-24T23:26:28","date_gmt":"2023-11-24T23:26:28","guid":{"rendered":"https:\/\/aivina.lt\/?post_type=product&#038;p=1503"},"modified":"2024-09-28T22:18:39","modified_gmt":"2024-09-28T19:18:39","slug":"lacinia-vonios-druska-250g","status":"publish","type":"product","link":"https:\/\/aivina.lt\/?product=lacinia-vonios-druska-250g","title":{"rendered":"LACINIA vonios druska 250g"},"content":{"rendered":"<p>Palepinkite savo od\u0105 nuostabia vonios druska. Ji atgaivina ir maitina j\u016bs\u0173 od\u0105 suteikdama b\u016btiniausi\u0173 mineral\u0173. Vonios druska padeda i\u0161vengti p\u0117d\u0173 kvapo ir atveria poras, leisdama odai kv\u0117puoti. Tai taip pat skatina kraujotak\u0105, atjaunina j\u016bs\u0173 odos sveikat\u0105. Kai naudojamas kaip k\u016bno \u0161veitiklis, jis veiksmingai pa\u0161alina negyvas odos l\u0105steles nuo pavir\u0161iaus, tod\u0117l j\u016bs\u0173 oda bus gaivi ir atnaujinta.<\/p>\n<p><strong>Naudojimas<\/strong>: Rank\u0173 ar p\u0117d\u0173 vonelei \u012f ind\u0105 \u012fpilkite \u0161ilto vandens ir \u012fberkite \u0161auk\u0161tel\u012f vonios druskos. Mirkykite rankas ar kojas mi\u0161inyje ma\u017edaug 10-15 minu\u010di\u0173, tada gerai i\u0161d\u017eiovinkite. Nor\u0117dami i\u0161simaudyti viso k\u016bno vonioje, sudr\u0117kinkite k\u016bn\u0105 ir \u012f deln\u0105 \u012fsiberkite vonios druskos. \u0160velniai nu\u0161veiskite k\u016bn\u0105, tada nuplaukite.<\/p>\n","protected":false},"excerpt":{"rendered":"<p>Palepinkite savo od\u0105 nuostabia vonios druska. Ji atgaivina ir maitina j\u016bs\u0173 od\u0105 suteikdama b\u016btiniausi\u0173 mineral\u0173. Vonios druska padeda i\u0161vengti p\u0117d\u0173 kvapo ir atveria poras, leisdama odai kv\u0117puoti. Tai taip pat skatina kraujotak\u0105, atjaunina j\u016bs\u0173 odos sveikat\u0105. Kai naudojamas kaip k\u016bno \u0161veitiklis, jis veiksmingai pa\u0161alina negyvas odos l\u0105steles nuo pavir\u0161iaus, tod\u0117l j\u016bs\u0173 oda bus gaivi ir [&hellip;]<\/p>\n","protected":false},"featured_media":1502,"comment_status":"open","ping_status":"closed","template":"","meta":{"ocean_post_layout":"","ocean_both_sidebars_style":"","ocean_both_sidebars_content_width":0,"ocean_both_sidebars_sidebars_width":0,"ocean_sidebar":"0","ocean_second_sidebar":"0","ocean_disable_margins":"enable","ocean_add_body_class":"","ocean_shortcode_before_top_bar":"","ocean_shortcode_after_top_bar":"","ocean_shortcode_before_header":"","ocean_shortcode_after_header":"","ocean_has_shortcode":"","ocean_shortcode_after_title":"","ocean_shortcode_before_footer_widgets":"","ocean_shortcode_after_footer_widgets":"","ocean_shortcode_before_footer_bottom":"","ocean_shortcode_after_footer_bottom":"","ocean_display_top_bar":"default","ocean_display_header":"default","ocean_header_style":"","ocean_center_header_left_menu":"0","ocean_custom_header_template":"0","ocean_custom_logo":0,"ocean_custom_retina_logo":0,"ocean_custom_logo_max_width":0,"ocean_custom_logo_tablet_max_width":0,"ocean_custom_logo_mobile_max_width":0,"ocean_custom_logo_max_height":0,"ocean_custom_logo_tablet_max_height":0,"ocean_custom_logo_mobile_max_height":0,"ocean_header_custom_menu":"0","ocean_menu_typo_font_family":"0","ocean_menu_typo_font_subset":"","ocean_menu_typo_font_size":0,"ocean_menu_typo_font_size_tablet":0,"ocean_menu_typo_font_size_mobile":0,"ocean_menu_typo_font_size_unit":"px","ocean_menu_typo_font_weight":"","ocean_menu_typo_font_weight_tablet":"","ocean_menu_typo_font_weight_mobile":"","ocean_menu_typo_transform":"","ocean_menu_typo_transform_tablet":"","ocean_menu_typo_transform_mobile":"","ocean_menu_typo_line_height":0,"ocean_menu_typo_line_height_tablet":0,"ocean_menu_typo_line_height_mobile":0,"ocean_menu_typo_line_height_unit":"","ocean_menu_typo_spacing":0,"ocean_menu_typo_spacing_tablet":0,"ocean_menu_typo_spacing_mobile":0,"ocean_menu_typo_spacing_unit":"","ocean_menu_link_color":"","ocean_menu_link_color_hover":"","ocean_menu_link_color_active":"","ocean_menu_link_background":"","ocean_menu_link_hover_background":"","ocean_menu_link_active_background":"","ocean_menu_social_links_bg":"","ocean_menu_social_hover_links_bg":"","ocean_menu_social_links_color":"","ocean_menu_social_hover_links_color":"","ocean_disable_title":"default","ocean_disable_heading":"default","ocean_post_title":"","ocean_post_subheading":"","ocean_post_title_style":"","ocean_post_title_background_color":"","ocean_post_title_background":0,"ocean_post_title_bg_image_position":"","ocean_post_title_bg_image_attachment":"","ocean_post_title_bg_image_repeat":"","ocean_post_title_bg_image_size":"","ocean_post_title_height":0,"ocean_post_title_bg_overlay":0.5,"ocean_post_title_bg_overlay_color":"","ocean_disable_breadcrumbs":"default","ocean_breadcrumbs_color":"","ocean_breadcrumbs_separator_color":"","ocean_breadcrumbs_links_color":"","ocean_breadcrumbs_links_hover_color":"","ocean_display_footer_widgets":"default","ocean_display_footer_bottom":"default","ocean_custom_footer_template":"0"},"product_brand":[],"product_cat":[23,21],"product_tag":[],"class_list":{"0":"post-1503","1":"product","2":"type-product","3":"status-publish","4":"has-post-thumbnail","6":"product_cat-kuno","7":"product_cat-odai","9":"entry","10":"has-media","12":"first","13":"instock","14":"sale","15":"shipping-taxable","16":"purchasable","17":"product-type-variable","18":"has-product-nav","19":"col","20":"span_1_of_3","21":"owp-content-center","22":"owp-thumbs-layout-horizontal","23":"owp-btn-normal","24":"owp-tabs-layout-horizontal"},"_links":{"self":[{"href":"https:\/\/aivina.lt\/index.php?rest_route=\/wp\/v2\/product\/1503","targetHints":{"allow":["GET"]}}],"collection":[{"href":"https:\/\/aivina.lt\/index.php?rest_route=\/wp\/v2\/product"}],"about":[{"href":"https:\/\/aivina.lt\/index.php?rest_route=\/wp\/v2\/types\/product"}],"replies":[{"embeddable":true,"href":"https:\/\/aivina.lt\/index.php?rest_route=%2Fwp%2Fv2%2Fcomments&post=1503"}],"wp:featuredmedia":[{"embeddable":true,"href":"https:\/\/aivina.lt\/index.php?rest_route=\/wp\/v2\/media\/1502"}],"wp:attachment":[{"href":"https:\/\/aivina.lt\/index.php?rest_route=%2Fwp%2Fv2%2Fmedia&parent=1503"}],"wp:term":[{"taxonomy":"product_brand","embeddable":true,"href":"https:\/\/aivina.lt\/index.php?rest_route=%2Fwp%2Fv2%2Fproduct_brand&post=1503"},{"taxonomy":"product_cat","embeddable":true,"href":"https:\/\/aivina.lt\/index.php?rest_route=%2Fwp%2Fv2%2Fproduct_cat&post=1503"},{"taxonomy":"product_tag","embeddable":true,"href":"https:\/\/aivina.lt\/index.php?rest_route=%2Fwp%2Fv2%2Fproduct_tag&post=1503"}],"curies":[{"name":"wp","href":"https:\/\/api.w.org\/{rel}","templated":true}]}}