{"id":1044,"date":"2023-06-03T16:58:38","date_gmt":"2023-06-03T13:58:38","guid":{"rendered":"https:\/\/aivina.lt\/?post_type=product&#038;p=1044"},"modified":"2025-02-21T01:01:27","modified_gmt":"2025-02-20T23:01:27","slug":"plauku-kauke-su-keratinu","status":"publish","type":"product","link":"https:\/\/aivina.lt\/?product=plauku-kauke-su-keratinu","title":{"rendered":"Naturix plauk\u0173 kauk\u0117 su keratinu 500ml"},"content":{"rendered":"<div>NATURIX plauk\u0173 prie\u017ei\u016bros kauk\u0117, specialiai paruo\u0161ta vis\u0173 tip\u0173 plaukams d\u0117l savo specialaus ekstrakto. Tai daro j\u016bs\u0173 plaukus lengvai \u0161ukuojamus, mink\u0161tus ir \u0161ilkinius. D\u0117l augal\u0173 ekstrakt\u0173, turin\u010di\u0173 daug Keratino baltym\u0173, jis maitina plaukus, daro juos ry\u0161kesnius ir gyvesnius. Padidina plauk\u0173 spalvos ir plauk\u0173 da\u017e\u0173 gyvybingum\u0105, vis\u0105 dien\u0105 i\u0161laiko plaukus gerai pri\u017ei\u016brimus. Apsaugo nuo terminio apdorojimo ir aplinkos veiksni\u0173. Kauk\u0117 turi intensyvi\u0173 dr\u0117kinan\u010di\u0173 ir maitinan\u010di\u0173 savybi\u0173. Veikia akimirksniu, mink\u0161tina plaukus ir suteikia lengv\u0105 \u0161ukavim\u0105. Turi puiki\u0105 apsaugin\u0119 savyb\u0119 nuo i\u0161orini\u0173 veiksni\u0173 (saul\u0117s, j\u016bros, oro ir kt.), Toki\u0173 program\u0173 kaip p\u016btimo d\u017eiovintuvas, \u017enypl\u0117s.<\/div>\n<div><\/div>\n","protected":false},"excerpt":{"rendered":"<p>Vis\u0173 tip\u0173 plaukams<\/p>\n<p>Neleid\u017eia plaukui p\u016bstis, ir i\u0161saus\u0117ti.<\/p>\n<p>500 ml<\/p>\n<p>pabaigos data 2025\/<\/p>\n","protected":false},"featured_media":1045,"comment_status":"open","ping_status":"closed","template":"","meta":{"ocean_post_layout":"","ocean_both_sidebars_style":"","ocean_both_sidebars_content_width":0,"ocean_both_sidebars_sidebars_width":0,"ocean_sidebar":"0","ocean_second_sidebar":"0","ocean_disable_margins":"enable","ocean_add_body_class":"","ocean_shortcode_before_top_bar":"","ocean_shortcode_after_top_bar":"","ocean_shortcode_before_header":"","ocean_shortcode_after_header":"","ocean_has_shortcode":"","ocean_shortcode_after_title":"","ocean_shortcode_before_footer_widgets":"","ocean_shortcode_after_footer_widgets":"","ocean_shortcode_before_footer_bottom":"","ocean_shortcode_after_footer_bottom":"","ocean_display_top_bar":"default","ocean_display_header":"default","ocean_header_style":"","ocean_center_header_left_menu":"0","ocean_custom_header_template":"0","ocean_custom_logo":0,"ocean_custom_retina_logo":0,"ocean_custom_logo_max_width":0,"ocean_custom_logo_tablet_max_width":0,"ocean_custom_logo_mobile_max_width":0,"ocean_custom_logo_max_height":0,"ocean_custom_logo_tablet_max_height":0,"ocean_custom_logo_mobile_max_height":0,"ocean_header_custom_menu":"0","ocean_menu_typo_font_family":"0","ocean_menu_typo_font_subset":"","ocean_menu_typo_font_size":0,"ocean_menu_typo_font_size_tablet":0,"ocean_menu_typo_font_size_mobile":0,"ocean_menu_typo_font_size_unit":"px","ocean_menu_typo_font_weight":"","ocean_menu_typo_font_weight_tablet":"","ocean_menu_typo_font_weight_mobile":"","ocean_menu_typo_transform":"","ocean_menu_typo_transform_tablet":"","ocean_menu_typo_transform_mobile":"","ocean_menu_typo_line_height":0,"ocean_menu_typo_line_height_tablet":0,"ocean_menu_typo_line_height_mobile":0,"ocean_menu_typo_line_height_unit":"","ocean_menu_typo_spacing":0,"ocean_menu_typo_spacing_tablet":0,"ocean_menu_typo_spacing_mobile":0,"ocean_menu_typo_spacing_unit":"","ocean_menu_link_color":"","ocean_menu_link_color_hover":"","ocean_menu_link_color_active":"","ocean_menu_link_background":"","ocean_menu_link_hover_background":"","ocean_menu_link_active_background":"","ocean_menu_social_links_bg":"","ocean_menu_social_hover_links_bg":"","ocean_menu_social_links_color":"","ocean_menu_social_hover_links_color":"","ocean_disable_title":"default","ocean_disable_heading":"default","ocean_post_title":"","ocean_post_subheading":"","ocean_post_title_style":"","ocean_post_title_background_color":"","ocean_post_title_background":0,"ocean_post_title_bg_image_position":"","ocean_post_title_bg_image_attachment":"","ocean_post_title_bg_image_repeat":"","ocean_post_title_bg_image_size":"","ocean_post_title_height":0,"ocean_post_title_bg_overlay":0.5,"ocean_post_title_bg_overlay_color":"","ocean_disable_breadcrumbs":"default","ocean_breadcrumbs_color":"","ocean_breadcrumbs_separator_color":"","ocean_breadcrumbs_links_color":"","ocean_breadcrumbs_links_hover_color":"","ocean_display_footer_widgets":"default","ocean_display_footer_bottom":"default","ocean_custom_footer_template":"0"},"product_brand":[],"product_cat":[18,17],"product_tag":[165,108,224,110],"class_list":{"0":"post-1044","1":"product","2":"type-product","3":"status-publish","4":"has-post-thumbnail","6":"product_cat-balzamai","7":"product_cat-plaukams","8":"product_tag-ilgaz-naturix-organix","9":"product_tag-naturix","10":"product_tag-sausas","11":"product_tag-turkija","13":"entry","14":"has-media","16":"first","17":"outofstock","18":"shipping-taxable","19":"purchasable","20":"product-type-simple","21":"has-product-nav","22":"col","23":"span_1_of_3","24":"owp-content-center","25":"owp-thumbs-layout-horizontal","26":"owp-btn-normal","27":"owp-tabs-layout-horizontal","28":"has-no-thumbnails"},"_links":{"self":[{"href":"https:\/\/aivina.lt\/index.php?rest_route=\/wp\/v2\/product\/1044","targetHints":{"allow":["GET"]}}],"collection":[{"href":"https:\/\/aivina.lt\/index.php?rest_route=\/wp\/v2\/product"}],"about":[{"href":"https:\/\/aivina.lt\/index.php?rest_route=\/wp\/v2\/types\/product"}],"replies":[{"embeddable":true,"href":"https:\/\/aivina.lt\/index.php?rest_route=%2Fwp%2Fv2%2Fcomments&post=1044"}],"wp:featuredmedia":[{"embeddable":true,"href":"https:\/\/aivina.lt\/index.php?rest_route=\/wp\/v2\/media\/1045"}],"wp:attachment":[{"href":"https:\/\/aivina.lt\/index.php?rest_route=%2Fwp%2Fv2%2Fmedia&parent=1044"}],"wp:term":[{"taxonomy":"product_brand","embeddable":true,"href":"https:\/\/aivina.lt\/index.php?rest_route=%2Fwp%2Fv2%2Fproduct_brand&post=1044"},{"taxonomy":"product_cat","embeddable":true,"href":"https:\/\/aivina.lt\/index.php?rest_route=%2Fwp%2Fv2%2Fproduct_cat&post=1044"},{"taxonomy":"product_tag","embeddable":true,"href":"https:\/\/aivina.lt\/index.php?rest_route=%2Fwp%2Fv2%2Fproduct_tag&post=1044"}],"curies":[{"name":"wp","href":"https:\/\/api.w.org\/{rel}","templated":true}]}}