{"id":599,"date":"2023-05-04T09:28:53","date_gmt":"2023-05-04T09:28:53","guid":{"rendered":"https:\/\/aivina.lt\/?page_id=599"},"modified":"2023-05-12T10:19:30","modified_gmt":"2023-05-12T10:19:30","slug":"grazinimas","status":"publish","type":"page","link":"https:\/\/aivina.lt\/?page_id=599","title":{"rendered":"Gr\u0105\u017einimas"},"content":{"rendered":"\t\t<div data-elementor-type=\"wp-page\" data-elementor-id=\"599\" class=\"elementor elementor-599\">\n\t\t\t\t\t\t<section class=\"elementor-section elementor-top-section elementor-element elementor-element-46040c7 elementor-section-boxed elementor-section-height-default elementor-section-height-default\" data-id=\"46040c7\" data-element_type=\"section\" data-e-type=\"section\">\n\t\t\t\t\t\t<div class=\"elementor-container elementor-column-gap-default\">\n\t\t\t\t\t<div class=\"elementor-column elementor-col-100 elementor-top-column elementor-element elementor-element-78237b0\" data-id=\"78237b0\" data-element_type=\"column\" data-e-type=\"column\">\n\t\t\t<div class=\"elementor-widget-wrap elementor-element-populated\">\n\t\t\t\t\t\t<div class=\"elementor-element elementor-element-7da146c elementor-widget elementor-widget-heading\" data-id=\"7da146c\" data-element_type=\"widget\" data-e-type=\"widget\" data-widget_type=\"heading.default\">\n\t\t\t\t<div class=\"elementor-widget-container\">\n\t\t\t\t\t<h2 class=\"elementor-heading-title elementor-size-default\">Gr\u0105\u017einimas<\/h2>\t\t\t\t<\/div>\n\t\t\t\t<\/div>\n\t\t\t\t<div class=\"elementor-element elementor-element-0191caf elementor-widget elementor-widget-heading\" data-id=\"0191caf\" data-element_type=\"widget\" data-e-type=\"widget\" data-widget_type=\"heading.default\">\n\t\t\t\t<div class=\"elementor-widget-container\">\n\t\t\t\t\t<h2 class=\"elementor-heading-title elementor-size-default\">Prek\u0117s gr\u0105\u017einamos dviems budais:\nOMNIVA pa\u0161tomatu- adresu (Klaip\u0117dos Taikos pr. 39 Technoramos pa\u0161tomatas +370 6 620 7442) Gr\u0105\u017einama siunta Jums kainuos pagal Omniva \u012fkainius.  <br>LP EXPRESS pa\u0161tomatu - adresu (Klaip\u0117dos Taikos pr. 61 - LP Express Akropolis +370 6 620 7442) Gr\u0105\u017einama siunta Jums kainuos pagal Lp express \u012fkainius.  <br><div><br>\n\nPagal LR \u012fstatymus kosmetikos gaminiai n\u0117ra gr\u0105\u017einamos prek\u0117s.\n<br><br>\n\n10.1. Kokybis\u030ckos preke\u0307s gali bu\u0304ti gra\u0328z\u030cinamos per 14 dienu\u0328 nuo ju\u0328 gavimo dienos. Parduotu\u0328 nekokybis\u030cku\u0328 prekiu\u0328 tru\u0304kumai s\u030calinami, nekokybis\u030ckos preke\u0307s keic\u030ciamos, gra\u0328z\u030cinamos vadovaujantis Lietuvos Respublikos civilinio kodekso nuostatomis.\n<br><br>\n10.2. Gra\u0328z\u030cinant prekes bu\u0304tina laikytis s\u030ciu\u0328 sa\u0328lygu\u0328:\n<br><br>\n10.2.1. Gra\u0328z\u030cinama preke\u0307 turi bu\u0304ti originalioje tvarkingoje pakuote\u0307je (s\u030cis punktas netaikomas tuo atveju, kai gra\u0328z\u030cinama nekokybis\u030cka preke\u0307);\n<br><br>\n10.2.2. Preke\u0307 turi bu\u0304ti Pirke\u0307jo nesugadinta;\n<br><br>\n10.2.3. Preke\u0307 turi bu\u0304ti nenaudota, nepraradusi prekine\u0307s is\u030cvaizdos: nepaz\u030ceistos etikete\u0307s, nenuple\u0307s\u030ctos apsaugine\u0307s ple\u0307vele\u0307s ir kt. (s\u030cis punktas netaikomas tuo atveju, kai gra\u0328z\u030cinama nekokybis\u030cka preke\u0307);\n<br><br>\n10.2.4. Gra\u0328z\u030cinama preke\u0307 turi bu\u0304ti tos pac\u030cios komplektacijos, kokios buvo Pirke\u0307jo gauta (s\u030cis punktas netaikomas tuo atveju, kai gra\u0328z\u030cinama nekokybis\u030cka preke\u0307);\n<br><br>\n10.2.5. Pardave\u0307jas turi teise\u0328 atsisakyti priimti Pirke\u0307jo gra\u0328z\u030cinamas prekes, jei buvo nesilaikoma prekiu\u0328 gra\u0328z\u030cinimo sa\u0328lygu\u0328;\n<br><br>\n10.2.6. Prekiu\u0328 gra\u0328z\u030cinimas vykdomas Pardave\u0307jo nustatytu bu\u0304du per 14 (keturiolika) dienu\u0328 nuo prekiu\u0328 gavimo dienos (s\u030cis punktas netaikomas tuo atveju, kai preke\u0307 nekokybis\u030cka - tokiu atveju vykdomas prekiu\u0328 gra\u0328z\u030cinimas per i\u0328statymini\u0328 garantini\u0328 termina\u0328);\n<br><br>\n10.3. Tinkamos kokybe\u0307s prekiu\u0328 gra\u0328z\u030cinimas ir keitimas vykdomas vadovaujantis Civilinio kodekso 6.22810 straipsnio 1 dalimi;\n<br><br>\n10.4. Uz\u030c Pirke\u0307jo priimtas, bet ve\u0307liau atsisakytas prekes sumoke\u0307ti pinigai gra\u0328z\u030cinami i\u0328 Pirke\u0307jo sa\u0328skaita\u0328 ne ve\u0307liau kaip per 5 (penkias) dienas nuo preke\u0307s gra\u0328z\u030cinimo Pardave\u0307jui dienos, nebent Pardave\u0307jas ir Pirke\u0307jas susitaria kitaip.\n<br><\/div><\/h2>\t\t\t\t<\/div>\n\t\t\t\t<\/div>\n\t\t\t\t\t<\/div>\n\t\t<\/div>\n\t\t\t\t\t<\/div>\n\t\t<\/section>\n\t\t\t\t<\/div>\n\t\t","protected":false},"excerpt":{"rendered":"<p>Gr\u0105\u017einimas Prek\u0117s gr\u0105\u017einamos dviems budais: OMNIVA pa\u0161tomatu- adresu (Klaip\u0117dos Taikos pr. 39 Technoramos pa\u0161tomatas +370 6 620 7442) Gr\u0105\u017einama siunta Jums kainuos pagal Omniva \u012fkainius. LP EXPRESS pa\u0161tomatu &#8211; adresu (Klaip\u0117dos Taikos pr. 61 &#8211; LP Express Akropolis +370 6 620 7442) Gr\u0105\u017einama siunta Jums kainuos pagal Lp express \u012fkainius. Pagal LR \u012fstatymus kosmetikos gaminiai [&hellip;]<\/p>\n","protected":false},"author":1,"featured_media":0,"parent":0,"menu_order":0,"comment_status":"closed","ping_status":"closed","template":"","meta":{"ocean_post_layout":"","ocean_both_sidebars_style":"","ocean_both_sidebars_content_width":0,"ocean_both_sidebars_sidebars_width":0,"ocean_sidebar":"0","ocean_second_sidebar":"0","ocean_disable_margins":"enable","ocean_add_body_class":"","ocean_shortcode_before_top_bar":"","ocean_shortcode_after_top_bar":"","ocean_shortcode_before_header":"","ocean_shortcode_after_header":"","ocean_has_shortcode":"","ocean_shortcode_after_title":"","ocean_shortcode_before_footer_widgets":"","ocean_shortcode_after_footer_widgets":"","ocean_shortcode_before_footer_bottom":"","ocean_shortcode_after_footer_bottom":"","ocean_display_top_bar":"default","ocean_display_header":"default","ocean_header_style":"","ocean_center_header_left_menu":"0","ocean_custom_header_template":"0","ocean_custom_logo":0,"ocean_custom_retina_logo":0,"ocean_custom_logo_max_width":0,"ocean_custom_logo_tablet_max_width":0,"ocean_custom_logo_mobile_max_width":0,"ocean_custom_logo_max_height":0,"ocean_custom_logo_tablet_max_height":0,"ocean_custom_logo_mobile_max_height":0,"ocean_header_custom_menu":"0","ocean_menu_typo_font_family":"0","ocean_menu_typo_font_subset":"","ocean_menu_typo_font_size":0,"ocean_menu_typo_font_size_tablet":0,"ocean_menu_typo_font_size_mobile":0,"ocean_menu_typo_font_size_unit":"px","ocean_menu_typo_font_weight":"","ocean_menu_typo_font_weight_tablet":"","ocean_menu_typo_font_weight_mobile":"","ocean_menu_typo_transform":"","ocean_menu_typo_transform_tablet":"","ocean_menu_typo_transform_mobile":"","ocean_menu_typo_line_height":0,"ocean_menu_typo_line_height_tablet":0,"ocean_menu_typo_line_height_mobile":0,"ocean_menu_typo_line_height_unit":"","ocean_menu_typo_spacing":0,"ocean_menu_typo_spacing_tablet":0,"ocean_menu_typo_spacing_mobile":0,"ocean_menu_typo_spacing_unit":"","ocean_menu_link_color":"","ocean_menu_link_color_hover":"","ocean_menu_link_color_active":"","ocean_menu_link_background":"","ocean_menu_link_hover_background":"","ocean_menu_link_active_background":"","ocean_menu_social_links_bg":"","ocean_menu_social_hover_links_bg":"","ocean_menu_social_links_color":"","ocean_menu_social_hover_links_color":"","ocean_disable_title":"default","ocean_disable_heading":"default","ocean_post_title":"","ocean_post_subheading":"","ocean_post_title_style":"","ocean_post_title_background_color":"","ocean_post_title_background":0,"ocean_post_title_bg_image_position":"","ocean_post_title_bg_image_attachment":"","ocean_post_title_bg_image_repeat":"","ocean_post_title_bg_image_size":"","ocean_post_title_height":0,"ocean_post_title_bg_overlay":0.5,"ocean_post_title_bg_overlay_color":"","ocean_disable_breadcrumbs":"default","ocean_breadcrumbs_color":"","ocean_breadcrumbs_separator_color":"","ocean_breadcrumbs_links_color":"","ocean_breadcrumbs_links_hover_color":"","ocean_display_footer_widgets":"default","ocean_display_footer_bottom":"default","ocean_custom_footer_template":"0","two_page_speed":[],"footnotes":""},"class_list":["post-599","page","type-page","status-publish","hentry","entry","owp-thumbs-layout-horizontal","owp-btn-normal","owp-tabs-layout-horizontal","has-no-thumbnails","has-product-nav"],"_links":{"self":[{"href":"https:\/\/aivina.lt\/index.php?rest_route=\/wp\/v2\/pages\/599","targetHints":{"allow":["GET"]}}],"collection":[{"href":"https:\/\/aivina.lt\/index.php?rest_route=\/wp\/v2\/pages"}],"about":[{"href":"https:\/\/aivina.lt\/index.php?rest_route=\/wp\/v2\/types\/page"}],"author":[{"embeddable":true,"href":"https:\/\/aivina.lt\/index.php?rest_route=\/wp\/v2\/users\/1"}],"replies":[{"embeddable":true,"href":"https:\/\/aivina.lt\/index.php?rest_route=%2Fwp%2Fv2%2Fcomments&post=599"}],"version-history":[{"count":17,"href":"https:\/\/aivina.lt\/index.php?rest_route=\/wp\/v2\/pages\/599\/revisions"}],"predecessor-version":[{"id":788,"href":"https:\/\/aivina.lt\/index.php?rest_route=\/wp\/v2\/pages\/599\/revisions\/788"}],"wp:attachment":[{"href":"https:\/\/aivina.lt\/index.php?rest_route=%2Fwp%2Fv2%2Fmedia&parent=599"}],"curies":[{"name":"wp","href":"https:\/\/api.w.org\/{rel}","templated":true}]}}