{"id":588,"date":"2023-05-04T09:23:01","date_gmt":"2023-05-04T09:23:01","guid":{"rendered":"https:\/\/aivina.lt\/?page_id=588"},"modified":"2023-05-08T12:08:55","modified_gmt":"2023-05-08T12:08:55","slug":"pirkimo-ir-pristatymo-taisykles","status":"publish","type":"page","link":"https:\/\/aivina.lt\/?page_id=588","title":{"rendered":"Pirkimo ir pristatymo taisykl\u0117s"},"content":{"rendered":"\t\t<div data-elementor-type=\"wp-page\" data-elementor-id=\"588\" class=\"elementor elementor-588\">\n\t\t\t\t\t\t<section class=\"elementor-section elementor-top-section elementor-element elementor-element-46040c7 elementor-section-boxed elementor-section-height-default elementor-section-height-default\" data-id=\"46040c7\" data-element_type=\"section\" data-e-type=\"section\">\n\t\t\t\t\t\t<div class=\"elementor-container elementor-column-gap-default\">\n\t\t\t\t\t<div class=\"elementor-column elementor-col-100 elementor-top-column elementor-element elementor-element-78237b0\" data-id=\"78237b0\" data-element_type=\"column\" data-e-type=\"column\">\n\t\t\t<div class=\"elementor-widget-wrap elementor-element-populated\">\n\t\t\t\t\t\t<div class=\"elementor-element elementor-element-7da146c elementor-widget elementor-widget-heading\" data-id=\"7da146c\" data-element_type=\"widget\" data-e-type=\"widget\" data-widget_type=\"heading.default\">\n\t\t\t\t<div class=\"elementor-widget-container\">\n\t\t\t\t\t<h2 class=\"elementor-heading-title elementor-size-default\">Taisykl\u0117s<\/h2>\t\t\t\t<\/div>\n\t\t\t\t<\/div>\n\t\t\t\t<div class=\"elementor-element elementor-element-0191caf elementor-widget elementor-widget-heading\" data-id=\"0191caf\" data-element_type=\"widget\" data-e-type=\"widget\" data-widget_type=\"heading.default\">\n\t\t\t\t<div class=\"elementor-widget-container\">\n\t\t\t\t\t<h2 class=\"elementor-heading-title elementor-size-default\">Preki\u0173 pirkimo - pardavimo taisykl\u0117s<br><BR>\n1. Bendrosios nuostatos\n<br><BR>\n1.1. S\u030cios elektronine\u0307s parduotuve\u0307s taisykle\u0307s (toliau \u2013 Taisykle\u0307s) yra Pirke\u0307jui ir Pardave\u0307jui (toliau \u2013 Pardave\u0307jas) juridis\u030ckai privalomas dokumentas, kuriame nustatomos S\u030caliu\u0328 teise\u0307s ir pareigos.\n<br><BR>\n1.2. Pardave\u0307jas pasilieka teise\u0328 bet kuriuo metu pakeisti, taisyti ar papildyti s\u030cias Taisykles. Apie Taisykliu\u0328 pasikeitimus Pirke\u0307jas informuojamas elektronine\u0307s parduotuve\u0307s tinklapyje.\n<br><BR>\n2. Pirkimo-pardavimo sutarties sudarymas\n<br><BR>\n2.1. Pirkimo-pardavimo sutartis tarp Pirke\u0307jo ir Pardave\u0307jo laikoma sudaryta, kuomet Pirke\u0307jas elektronine\u0307je parduotuve\u0307je suformuoja ir pateikia prekiu\u0328 uz\u030csakyma\u0328, pries\u030c tai susipaz\u030cine\u0328s su s\u030ciomis taisykl\u0117mis.\n<br><BR>\n3. Pardave\u0307jo teise\u0307s\n<br><BR>\n3.1. Susidarius svarbioms aplinkybe\u0307ms, Pardave\u0307jas gali laikinai arba visis\u030ckai sustabdyti elektronine\u0307s parduotuve\u0307s veikla\u0328, apie tai is\u030c anksto nepranes\u030ce\u0328s Pirke\u0307jui.<br><BR>\n\n 3.2 Jeigu Pirke\u0307jas bando pakenkti elektronine\u0307s parduotuve\u0307s darbui, stabilumui ir saugumui ar paz\u030ceidz\u030cia savo i\u0328sipareigojimus, Pardave\u0307jas turi teise\u0328 be perspe\u0307jimo apriboti ar sustabdyti jam galimybe\u0328 naudotis elektronine parduotuve.\n<br><BR>\n4. Pardave\u0307jo i\u0328sipareigojimai\n<br><BR>\n4.1. Pardave\u0307jas i\u0328sipareigoja sudaryti galimybe\u0328 naudotis elektronine\u0307s parduotuve\u0307s paslaugomis,kurios veikimo sa\u0328lygas nustato s\u030cios Taisykle\u0307s.\n<br><BR>\n4.2. Pardave\u0307jas i\u0328sipareigoja Pirke\u0307jo i\u0328sigytas prekes pristatyti Pirke\u0307jo pasirinktu pristatymo bu\u0304du,remdamasis sa\u0328lygomis, kurias nustato s\u030cios pirkimo \u2013 pardavimo Taisykle\u0307s.\n<br><BR>\n4.3. Kai de\u0307l nenumatytu\u0328 aplinkybiu\u0328 Pardave\u0307jas negali pristatyti elektronine\u0307je parduotuve\u0307je uz\u030csakytas prekes, Pardave\u0307jas turi teise\u0328 nutraukti Pirkimo-pardavimo sutarti\u0328 pries\u030c tai informave\u0328s pirke\u0307ja\u0328. Pardave\u0307jas gali pasiu\u0304lyti analogis\u030cka\u0328 preke\u0328. Pirke\u0307jui atsisakius, Pardave\u0307jas i\u0328sipareigoja gra\u0328z\u030cinti sumoke\u0307tus pinigus per 3 darbo dienas.\n<br><BR>\n4.4 Pirke\u0307jui pasinaudojus Taisykliu\u0328 5.2. punkte numatyta teise, Pardave\u0307jas i\u0328sipareigoja gra\u0328z\u030cinti Pirke\u0307jui sumoke\u0307tus pinigus per 5 (penkias) darbo dienas, nuo gra\u0328z\u030cinamos preke\u0307s gavimo dienos\n<br><BR>\n4.5. Pardave\u0307jas gali negra\u0328z\u030cinti Pirke\u0307jui jo sumoke\u0307tos pinigu\u0328 sumos tol, kol preke\u0307s negra\u0328z\u030cintos Pardave\u0307jui arba kol Pirke\u0307jas pateikia i\u0328rodyma\u0328, kad preke\u0307s yra is\u030csiu\u0328stos Pardave\u0307jui, atsiz\u030cvelgiant i\u0328 tai, kas i\u0328vyksta pirmiau.\n<br><BR>\n5. Pirke\u0307jo teise\u0307s\n<br><BR>\n5.1. Pirke\u0307jas turi teise\u0328 pirkti prekes elektronine\u0307je parduotuve\u0307je vadovaudamasis s\u030ciomis Taisykle\u0307mis.\n<br><BR>\n5.2. Pirke\u0307jas turi teise\u0328 atsisakyti elektronine\u0307je parduotuve\u0307je sudarytos prekiu\u0328 pirkimo-pardavimo sutarties, pranes\u030cdamas apie tai Pardave\u0307jui ras\u030ctu ne ve\u0307liau kaip per 14 (keturiolika) kalendoriniu\u0328 dienu\u0328 nuo preke\u0307s pristatymo dienos.\n<br><BR>\n5.3. 5.2 punkte aptarta Pirke\u0307jo teise Pirke\u0307jas gali pasinaudoti tik tuo atveju, jeigu preke\u0307 nebuvo sugadinta arba is\u030c esme\u0307s nepasikeite\u0307 jos is\u030cvaizda, taip pat jei ji nebuvo naudojama.\n<br><BR>\n6. Pirke\u0307jo i\u0328sipareigojimai\n\n <br><BR>\n\n6.1. Pirke\u0307jas privalo sumoke\u0307ti uz\u030c i\u0328sigytas prekes ir jas priimti s\u030ciose Taisykle\u0307se numatyta tvarka.\n<br><BR>\n6.2. Jeigu Pirke\u0307jas, prekiu\u0328 pristatymo metu, be svarbiu\u0328 priez\u030casc\u030ciu\u0328 atsisako priimti prekes, Pardave\u0307jui pareikalavus Pirke\u0307jas privalo padengti prekiu\u0328 gra\u0328z\u030cinimo is\u030claidas.\n<br><BR>\n6.3. Prekiu\u0328 pristatymo Pirke\u0307jui metu Pirke\u0307jas privalo kartu su Pardave\u0307ju arba su asmeniu pristac\u030ciusiu siunta\u0328 patikrinti siuntos ir preke\u0307s(-iu\u0328) bu\u0304kle\u0328.\n<br><BR>\n6.4. Pirke\u0307jas, naudodamasis elektronine parduotuve, patvirtina, kad sutinka su s\u030ciomis pirkimo \u2013 pardavimo taisykle\u0307mis ir privalo ju\u0328 laikytis.\n<br><BR>\n7. Prekiu\u0328 kainos\n<br><BR>\n7.1. Prekiu\u0328 kainos elektronine\u0307je parduotuve\u0307je nurodomos eurais. Kainos nurodomos su PVM.Patvirtinus uz\u030csakyma\u0328 prie bendros prekiu\u0328 sumos prisideda pristatymo mokestis, jeigu toks yra taikomas.\n<br><BR>\n8. Prekiu\u0328 uz\u030csakymas ir apmoke\u0307jimas\n<br><BR>\n8.1. Pirke\u0307jas, apsilanke\u0328s elektronine\u0307je parduotuve\u0307je, is\u030csirenka jam patinkanc\u030cias prekes, kurias i\u0328sideda i\u0328 pirkiniu\u0328 kreps\u030celi\u0328. Po pirkiniu\u0328 kreps\u030celio suformavimo, Pirke\u0307jas suveda asmens duomenis, bu\u0304tinus uz\u030csakymo i\u0328vykdymui: savo varda\u0328, pavarde\u0328, adresa\u0328, kuriuo bus pristatomos preke\u0307s, telefono numeri\u0328 bei papildoma\u0328 informacija\u0328, kuri gali bu\u0304ti svarbi pristatant uz\u030csakytas prekes. Pirke\u0307jas patvirtina\u0328 jog susipaz\u030cino su s\u030ciomis taisykle\u0307mis ir patvirtina uz\u030csakyma\u0328.\n<br><BR>\n8.3. Atsiskaityti galima naudojantis Swed, Seb, Luminor, Citadele\u0307s, S\u030ciauliu\u0328 banko elektronine\u0307s bankininkyste\u0307s paslaugomis. Atsiskaitymai galimi euro valiuta. Moke\u0307jimai apdorojami naudojantis MakeCommerce.lt moke\u0307jimu\u0328 platforma.<br><BR><br>\n<br><br><span style=\"font-size: 18px;color:#EAC0F3\">PREKI\u0172 PRISTATYMAS<\/span>\n<br><BR>\nPrek\u0117s pristatomos \u012f Jums patog\u0173 OMNIVA arba LP EXPRESS pa\u0161tomat\u0105. Siuntos paruo\u0161iamos ir pristatomos per 1 - 3 d.d. I\u0161siuntus siunt\u0105, atsi\u0173sime sekimo numer\u012f, pagal kur\u012f gal\u0117site sekti siuntos eig\u0105.<\/h2>\t\t\t\t<\/div>\n\t\t\t\t<\/div>\n\t\t\t\t\t<\/div>\n\t\t<\/div>\n\t\t\t\t\t<\/div>\n\t\t<\/section>\n\t\t\t\t<\/div>\n\t\t","protected":false},"excerpt":{"rendered":"<p>Taisykl\u0117s Preki\u0173 pirkimo &#8211; pardavimo taisykl\u0117s 1. Bendrosios nuostatos 1.1. S\u030cios elektronine\u0307s parduotuve\u0307s taisykle\u0307s (toliau \u2013 Taisykle\u0307s) yra Pirke\u0307jui ir Pardave\u0307jui (toliau \u2013 Pardave\u0307jas) juridis\u030ckai privalomas dokumentas, kuriame nustatomos S\u030caliu\u0328 teise\u0307s ir pareigos. 1.2. Pardave\u0307jas pasilieka teise\u0328 bet kuriuo metu pakeisti, taisyti ar papildyti s\u030cias Taisykles. Apie Taisykliu\u0328 pasikeitimus Pirke\u0307jas informuojamas elektronine\u0307s parduotuve\u0307s tinklapyje. 2. [&hellip;]<\/p>\n","protected":false},"author":1,"featured_media":0,"parent":0,"menu_order":0,"comment_status":"closed","ping_status":"closed","template":"","meta":{"ocean_post_layout":"","ocean_both_sidebars_style":"","ocean_both_sidebars_content_width":0,"ocean_both_sidebars_sidebars_width":0,"ocean_sidebar":"0","ocean_second_sidebar":"0","ocean_disable_margins":"enable","ocean_add_body_class":"","ocean_shortcode_before_top_bar":"","ocean_shortcode_after_top_bar":"","ocean_shortcode_before_header":"","ocean_shortcode_after_header":"","ocean_has_shortcode":"","ocean_shortcode_after_title":"","ocean_shortcode_before_footer_widgets":"","ocean_shortcode_after_footer_widgets":"","ocean_shortcode_before_footer_bottom":"","ocean_shortcode_after_footer_bottom":"","ocean_display_top_bar":"default","ocean_display_header":"default","ocean_header_style":"","ocean_center_header_left_menu":"0","ocean_custom_header_template":"0","ocean_custom_logo":0,"ocean_custom_retina_logo":0,"ocean_custom_logo_max_width":0,"ocean_custom_logo_tablet_max_width":0,"ocean_custom_logo_mobile_max_width":0,"ocean_custom_logo_max_height":0,"ocean_custom_logo_tablet_max_height":0,"ocean_custom_logo_mobile_max_height":0,"ocean_header_custom_menu":"0","ocean_menu_typo_font_family":"0","ocean_menu_typo_font_subset":"","ocean_menu_typo_font_size":0,"ocean_menu_typo_font_size_tablet":0,"ocean_menu_typo_font_size_mobile":0,"ocean_menu_typo_font_size_unit":"px","ocean_menu_typo_font_weight":"","ocean_menu_typo_font_weight_tablet":"","ocean_menu_typo_font_weight_mobile":"","ocean_menu_typo_transform":"","ocean_menu_typo_transform_tablet":"","ocean_menu_typo_transform_mobile":"","ocean_menu_typo_line_height":0,"ocean_menu_typo_line_height_tablet":0,"ocean_menu_typo_line_height_mobile":0,"ocean_menu_typo_line_height_unit":"","ocean_menu_typo_spacing":0,"ocean_menu_typo_spacing_tablet":0,"ocean_menu_typo_spacing_mobile":0,"ocean_menu_typo_spacing_unit":"","ocean_menu_link_color":"","ocean_menu_link_color_hover":"","ocean_menu_link_color_active":"","ocean_menu_link_background":"","ocean_menu_link_hover_background":"","ocean_menu_link_active_background":"","ocean_menu_social_links_bg":"","ocean_menu_social_hover_links_bg":"","ocean_menu_social_links_color":"","ocean_menu_social_hover_links_color":"","ocean_disable_title":"default","ocean_disable_heading":"default","ocean_post_title":"","ocean_post_subheading":"","ocean_post_title_style":"","ocean_post_title_background_color":"","ocean_post_title_background":0,"ocean_post_title_bg_image_position":"","ocean_post_title_bg_image_attachment":"","ocean_post_title_bg_image_repeat":"","ocean_post_title_bg_image_size":"","ocean_post_title_height":0,"ocean_post_title_bg_overlay":0.5,"ocean_post_title_bg_overlay_color":"","ocean_disable_breadcrumbs":"default","ocean_breadcrumbs_color":"","ocean_breadcrumbs_separator_color":"","ocean_breadcrumbs_links_color":"","ocean_breadcrumbs_links_hover_color":"","ocean_display_footer_widgets":"default","ocean_display_footer_bottom":"default","ocean_custom_footer_template":"0","two_page_speed":[],"footnotes":""},"class_list":["post-588","page","type-page","status-publish","hentry","entry","owp-thumbs-layout-horizontal","owp-btn-normal","owp-tabs-layout-horizontal","has-no-thumbnails","has-product-nav"],"_links":{"self":[{"href":"https:\/\/aivina.lt\/index.php?rest_route=\/wp\/v2\/pages\/588","targetHints":{"allow":["GET"]}}],"collection":[{"href":"https:\/\/aivina.lt\/index.php?rest_route=\/wp\/v2\/pages"}],"about":[{"href":"https:\/\/aivina.lt\/index.php?rest_route=\/wp\/v2\/types\/page"}],"author":[{"embeddable":true,"href":"https:\/\/aivina.lt\/index.php?rest_route=\/wp\/v2\/users\/1"}],"replies":[{"embeddable":true,"href":"https:\/\/aivina.lt\/index.php?rest_route=%2Fwp%2Fv2%2Fcomments&post=588"}],"version-history":[{"count":13,"href":"https:\/\/aivina.lt\/index.php?rest_route=\/wp\/v2\/pages\/588\/revisions"}],"predecessor-version":[{"id":643,"href":"https:\/\/aivina.lt\/index.php?rest_route=\/wp\/v2\/pages\/588\/revisions\/643"}],"wp:attachment":[{"href":"https:\/\/aivina.lt\/index.php?rest_route=%2Fwp%2Fv2%2Fmedia&parent=588"}],"curies":[{"name":"wp","href":"https:\/\/api.w.org\/{rel}","templated":true}]}}