{"id":579,"date":"2023-05-03T08:26:57","date_gmt":"2023-05-03T08:26:57","guid":{"rendered":"https:\/\/aivina.lt\/?page_id=579"},"modified":"2023-05-04T12:24:24","modified_gmt":"2023-05-04T12:24:24","slug":"privatumo-politika","status":"publish","type":"page","link":"https:\/\/aivina.lt\/?page_id=579","title":{"rendered":"Privatumo politika"},"content":{"rendered":"\t\t<div data-elementor-type=\"wp-page\" data-elementor-id=\"579\" class=\"elementor elementor-579\">\n\t\t\t\t\t\t<section class=\"elementor-section elementor-top-section elementor-element elementor-element-46040c7 elementor-section-boxed elementor-section-height-default elementor-section-height-default\" data-id=\"46040c7\" data-element_type=\"section\" data-e-type=\"section\">\n\t\t\t\t\t\t<div class=\"elementor-container elementor-column-gap-default\">\n\t\t\t\t\t<div class=\"elementor-column elementor-col-100 elementor-top-column elementor-element elementor-element-78237b0\" data-id=\"78237b0\" data-element_type=\"column\" data-e-type=\"column\">\n\t\t\t<div class=\"elementor-widget-wrap elementor-element-populated\">\n\t\t\t\t\t\t<div class=\"elementor-element elementor-element-7da146c elementor-widget elementor-widget-heading\" data-id=\"7da146c\" data-element_type=\"widget\" data-e-type=\"widget\" data-widget_type=\"heading.default\">\n\t\t\t\t<div class=\"elementor-widget-container\">\n\t\t\t\t\t<h2 class=\"elementor-heading-title elementor-size-default\">PRIVATUMO POLITIKA<\/h2>\t\t\t\t<\/div>\n\t\t\t\t<\/div>\n\t\t\t\t<div class=\"elementor-element elementor-element-0191caf elementor-widget elementor-widget-heading\" data-id=\"0191caf\" data-element_type=\"widget\" data-e-type=\"widget\" data-widget_type=\"heading.default\">\n\t\t\t\t<div class=\"elementor-widget-container\">\n\t\t\t\t\t<h2 class=\"elementor-heading-title elementor-size-default\">I. Bendrosios nuostatos<br><br>\n\n1. \u0160i privatumo politika reglamentuoja www.aivina.lt elektronin\u0117s parduotuv\u0117s kliento pagrindinius asmens duomen\u0173 rinkimo, tvarkymo ir saugojimo principus bei tvark\u0105.\n\n<br><br>\n2. J\u016bs\u0173 asmens duomen\u0173 rinkim\u0105, tvarkym\u0105 ir saugojim\u0105 nustato \u0161i privatumo politika, Lietuvos Respublikos Asmens duomen\u0173 teisin\u0117s apsaugos \u012fstatymas ir kiti teis\u0117s aktai.\n\n<br><br>\n3. www.aivina.lt elektronin\u0117 parduotuv\u0117 vadovaujasi \u0161iais pagrindiniais asmens duomen\u0173 tvarkymo principais:\n\n<br><br>\n3.1. Asmens duomenys renkami apibr\u0117\u017etais ir teis\u0117tais tikslais;\n<br><br>\n3.2. Asmens duomenys tvarkomi tiksliai ir s\u0105\u017einingai;\n<br><br>\n3.3. Asmens duomenys tvarkomi teis\u0117tai, t. y. tik tais atvejais, kai:\n<br><br>\n3.3.1. duomen\u0173 subjektas duoda sutikim\u0105, t. y. sutinka laikytis Elektronin\u0117s prekybos taisykli\u0173;\n<br><br>\n3.3.2. sudaroma arba vykdoma sutartis, kai viena i\u0161 \u0161ali\u0173 yra duomen\u0173 subjektas;\n<br><br>\n3.4. Asmens duomenys saugojami ne ilgiau, nei du metai po paskutinio apsipirkimo www.aivina.lt elektronin\u0117je parduotuv\u0117je.\n<br><br>\n3.5. Visa informacija apie tvarkomus asmens duomenis yra konfidenciali.\n\n<br><br>\n4. Naudotis elektronin\u0117s parduotuv\u0117s paslaugomis gali:\n<br><br>\n4.1. visi veiksn\u016bs fiziniai asmenys, ne jaunesni kaip 18 metu am\u017eiaus;\n<br><br>\n4.2. nepilname\u010diai nuo penkiolikos iki a\u0161tuoniolikos met\u0173 am\u017eiaus tik tur\u0117dami t\u0117v\u0173, \u012ft\u0117vi\u0173 arba r\u016bpintoj\u0173 sutikim\u0105, i\u0161skyrus tuos atvejus, kai savaranki\u0161kai disponuojama savo u\u017edarbiu ar stipendija;\n<br><br>\n4.3. juridiniai asmenys.\n\n<br><br>\nII. Asmens duomen\u0173 rinkimas, tvarkymas, saugojimas\n<br><br>\n\n5. www.aivina.lt elektronin\u0117 parduotuv\u0117 gerbia kiekvieno J\u016bs\u0173 teis\u0119 \u012f privatum\u0105. J\u016bs\u0173 asmens duomenys (vardas, pavard\u0117, adresas, telefono numeris, elektroninio pa\u0161to adresas ir kita elektronin\u0117s parduotuv\u0117s registracijos formoje nurodyta informacija) renkami ir tvarkomi tam, kad b\u016bt\u0173 galima:\n<br><br>\n5.1. apdoroti J\u016bs\u0173 preki\u0173 u\u017esakymus;\n<br><br>\n5.2. i\u0161ra\u0161yti finansinius dokumentus;\n<br><br>\n5.3. i\u0161pr\u0119sti problemas, susijusias su preki\u0173 pateikimu ar pristatymu;\n<br><br>\n5.4. \u012fvykdyti kitus sutartinius \u012fsipareigojimus.\n<br><br>\n\n6. Registracijos elektronin\u0117je parduotuv\u0117je metu J\u016bs privalote pateikti i\u0161samius ir teisingus asmens duomenis.\n\n<br><br>\n7. Tvarkydama ir saugodama J\u016bs\u0173 asmens duomenis www.aivina.lt elektronin\u0117 parduotuv\u0117 \u012fgyvendina organizacines ir technines priemones, kurios u\u017etikrina asmens duomenims apsaug\u0105 nuo atsitiktinio ar neteis\u0117to sunaikinimo, pakeitimo, atskleidimo, taip pat nuo bet kokio kito neteis\u0117to tvarkymo.\n<br><br>\n\nIII. Asmens duomen\u0173 perdavimas tre\u010diosioms \u0161alims\n\n<br><br>\n8. www.aivina.lt elektronin\u0117 parduotuv\u0117 neperduoda jokios informacijos tre\u010diosioms \u0161alims.\n\n<br><br>\nIV. Asmens duomen\u0173 pakeitimas, atnaujinimas, pa\u0161alinimas.\n<br><br>\n\n9. J\u016bs turite teis\u0119 keisti ir atnaujinti registracijos formoje pateikt\u0105 informacij\u0105.\n<br><br>\n\n10. Nor\u0117dami, kad J\u016bs\u0173 Asmens duomenys b\u016bt\u0173 pa\u0161alinti i\u0161 www.aivina.lt elektronin\u0117s parduotuv\u0117s turite prane\u0161ti mums elektroniniu pa\u0161tu info@aivina.lt \n<br><br>\n\nV. Privatumo politikos keitimas\n\n<br><br>\n12. www.aivina.lt elektronin\u0117 parduotuv\u0117 turi teis\u0119 i\u0161 dalies ar visi\u0161kai pakeisti Privatumo politik\u0105 apie tai prane\u0161dama elektronin\u0117je parduotuv\u0117je.\n<br><br>\n\n13. Privatumo politikos papildymai ar pakeitimai \u012fsigalioja nuo j\u0173 paskelbimo dienos, t. y nuo tos dienos, kai jie yra patalpinimi elektronin\u0117s parduotuv\u0117s sistemoje.\n<br><br>\n\n14. Jei po Privatumo politikos papildymo ar pakeitimo J\u016bs ir toliau naudojat\u0117s elektronin\u0117s parduotuv\u0117s teikiamomis paslaugomis, laikoma, kad J\u016bs sutinkate su nauja redakcija.\n<Br><Br>\n15. \nElektronin\u0117je parduotuv\u0117je apmok\u0117jimai apdorojami naudojantis makecommerce.lt platforma, kurios valdytojas Maksekeskus AS (Niine 11, Talinas 10414, Estija, reg. nr.:12268475), tod\u0117l J\u016bs\u0173 asmenin\u0117 informacija, reikalinga mok\u0117jimo \u012fvykdymui ir patvirtinimui, bus perduodama Maksekeskus AS.<\/h2>\t\t\t\t<\/div>\n\t\t\t\t<\/div>\n\t\t\t\t\t<\/div>\n\t\t<\/div>\n\t\t\t\t\t<\/div>\n\t\t<\/section>\n\t\t\t\t<\/div>\n\t\t","protected":false},"excerpt":{"rendered":"<p>PRIVATUMO POLITIKA I. Bendrosios nuostatos 1. \u0160i privatumo politika reglamentuoja www.aivina.lt elektronin\u0117s parduotuv\u0117s kliento pagrindinius asmens duomen\u0173 rinkimo, tvarkymo ir saugojimo principus bei tvark\u0105. 2. J\u016bs\u0173 asmens duomen\u0173 rinkim\u0105, tvarkym\u0105 ir saugojim\u0105 nustato \u0161i privatumo politika, Lietuvos Respublikos Asmens duomen\u0173 teisin\u0117s apsaugos \u012fstatymas ir kiti teis\u0117s aktai. 3. www.aivina.lt elektronin\u0117 parduotuv\u0117 vadovaujasi \u0161iais pagrindiniais asmens [&hellip;]<\/p>\n","protected":false},"author":1,"featured_media":0,"parent":0,"menu_order":0,"comment_status":"closed","ping_status":"closed","template":"","meta":{"ocean_post_layout":"","ocean_both_sidebars_style":"","ocean_both_sidebars_content_width":0,"ocean_both_sidebars_sidebars_width":0,"ocean_sidebar":"0","ocean_second_sidebar":"0","ocean_disable_margins":"enable","ocean_add_body_class":"","ocean_shortcode_before_top_bar":"","ocean_shortcode_after_top_bar":"","ocean_shortcode_before_header":"","ocean_shortcode_after_header":"","ocean_has_shortcode":"","ocean_shortcode_after_title":"","ocean_shortcode_before_footer_widgets":"","ocean_shortcode_after_footer_widgets":"","ocean_shortcode_before_footer_bottom":"","ocean_shortcode_after_footer_bottom":"","ocean_display_top_bar":"default","ocean_display_header":"default","ocean_header_style":"","ocean_center_header_left_menu":"0","ocean_custom_header_template":"0","ocean_custom_logo":0,"ocean_custom_retina_logo":0,"ocean_custom_logo_max_width":0,"ocean_custom_logo_tablet_max_width":0,"ocean_custom_logo_mobile_max_width":0,"ocean_custom_logo_max_height":0,"ocean_custom_logo_tablet_max_height":0,"ocean_custom_logo_mobile_max_height":0,"ocean_header_custom_menu":"0","ocean_menu_typo_font_family":"0","ocean_menu_typo_font_subset":"","ocean_menu_typo_font_size":0,"ocean_menu_typo_font_size_tablet":0,"ocean_menu_typo_font_size_mobile":0,"ocean_menu_typo_font_size_unit":"px","ocean_menu_typo_font_weight":"","ocean_menu_typo_font_weight_tablet":"","ocean_menu_typo_font_weight_mobile":"","ocean_menu_typo_transform":"","ocean_menu_typo_transform_tablet":"","ocean_menu_typo_transform_mobile":"","ocean_menu_typo_line_height":0,"ocean_menu_typo_line_height_tablet":0,"ocean_menu_typo_line_height_mobile":0,"ocean_menu_typo_line_height_unit":"","ocean_menu_typo_spacing":0,"ocean_menu_typo_spacing_tablet":0,"ocean_menu_typo_spacing_mobile":0,"ocean_menu_typo_spacing_unit":"","ocean_menu_link_color":"","ocean_menu_link_color_hover":"","ocean_menu_link_color_active":"","ocean_menu_link_background":"","ocean_menu_link_hover_background":"","ocean_menu_link_active_background":"","ocean_menu_social_links_bg":"","ocean_menu_social_hover_links_bg":"","ocean_menu_social_links_color":"","ocean_menu_social_hover_links_color":"","ocean_disable_title":"default","ocean_disable_heading":"default","ocean_post_title":"","ocean_post_subheading":"","ocean_post_title_style":"","ocean_post_title_background_color":"","ocean_post_title_background":0,"ocean_post_title_bg_image_position":"","ocean_post_title_bg_image_attachment":"","ocean_post_title_bg_image_repeat":"","ocean_post_title_bg_image_size":"","ocean_post_title_height":0,"ocean_post_title_bg_overlay":0.5,"ocean_post_title_bg_overlay_color":"","ocean_disable_breadcrumbs":"default","ocean_breadcrumbs_color":"","ocean_breadcrumbs_separator_color":"","ocean_breadcrumbs_links_color":"","ocean_breadcrumbs_links_hover_color":"","ocean_display_footer_widgets":"default","ocean_display_footer_bottom":"default","ocean_custom_footer_template":"0","two_page_speed":[],"footnotes":""},"class_list":["post-579","page","type-page","status-publish","hentry","entry","owp-thumbs-layout-horizontal","owp-btn-normal","owp-tabs-layout-horizontal","has-no-thumbnails","has-product-nav"],"_links":{"self":[{"href":"https:\/\/aivina.lt\/index.php?rest_route=\/wp\/v2\/pages\/579","targetHints":{"allow":["GET"]}}],"collection":[{"href":"https:\/\/aivina.lt\/index.php?rest_route=\/wp\/v2\/pages"}],"about":[{"href":"https:\/\/aivina.lt\/index.php?rest_route=\/wp\/v2\/types\/page"}],"author":[{"embeddable":true,"href":"https:\/\/aivina.lt\/index.php?rest_route=\/wp\/v2\/users\/1"}],"replies":[{"embeddable":true,"href":"https:\/\/aivina.lt\/index.php?rest_route=%2Fwp%2Fv2%2Fcomments&post=579"}],"version-history":[{"count":10,"href":"https:\/\/aivina.lt\/index.php?rest_route=\/wp\/v2\/pages\/579\/revisions"}],"predecessor-version":[{"id":640,"href":"https:\/\/aivina.lt\/index.php?rest_route=\/wp\/v2\/pages\/579\/revisions\/640"}],"wp:attachment":[{"href":"https:\/\/aivina.lt\/index.php?rest_route=%2Fwp%2Fv2%2Fmedia&parent=579"}],"curies":[{"name":"wp","href":"https:\/\/api.w.org\/{rel}","templated":true}]}}